{"id":957,"date":"2019-08-12T11:05:57","date_gmt":"2019-08-12T09:05:57","guid":{"rendered":"http:\/\/wp.kanther-syke.de\/?page_id=957"},"modified":"2019-08-28T13:31:13","modified_gmt":"2019-08-28T11:31:13","slug":"haustueren","status":"publish","type":"page","link":"https:\/\/kanther-syke.de\/?page_id=957","title":{"rendered":"Haust\u00fcren"},"content":{"rendered":"\t\t<div data-elementor-type=\"wp-post\" data-elementor-id=\"957\" class=\"elementor elementor-957\">\n\t\t\t\t\t\t<section class=\"elementor-section elementor-top-section elementor-element elementor-element-c385159 elementor-section-boxed elementor-section-height-default elementor-section-height-default\" data-id=\"c385159\" data-element_type=\"section\" data-e-type=\"section\">\n\t\t\t\t\t\t<div class=\"elementor-container elementor-column-gap-default\">\n\t\t\t\t\t<div class=\"elementor-column elementor-col-100 elementor-top-column elementor-element elementor-element-2327309\" data-id=\"2327309\" data-element_type=\"column\" data-e-type=\"column\">\n\t\t\t<div class=\"elementor-widget-wrap elementor-element-populated\">\n\t\t\t\t\t\t<div class=\"elementor-element elementor-element-eb14d09 elementor-widget elementor-widget-spacer\" data-id=\"eb14d09\" data-element_type=\"widget\" data-e-type=\"widget\" data-widget_type=\"spacer.default\">\n\t\t\t\t<div class=\"elementor-widget-container\">\n\t\t\t\t\t\t\t<div class=\"elementor-spacer\">\n\t\t\t<div class=\"elementor-spacer-inner\"><\/div>\n\t\t<\/div>\n\t\t\t\t\t\t<\/div>\n\t\t\t\t<\/div>\n\t\t\t\t\t<\/div>\n\t\t<\/div>\n\t\t\t\t\t<\/div>\n\t\t<\/section>\n\t\t\t\t<section class=\"elementor-section elementor-top-section elementor-element elementor-element-09c2bcb elementor-section-boxed elementor-section-height-default elementor-section-height-default\" data-id=\"09c2bcb\" data-element_type=\"section\" data-e-type=\"section\">\n\t\t\t\t\t\t<div class=\"elementor-container elementor-column-gap-default\">\n\t\t\t\t\t<div class=\"elementor-column elementor-col-100 elementor-top-column elementor-element elementor-element-800f662\" data-id=\"800f662\" data-element_type=\"column\" data-e-type=\"column\">\n\t\t\t<div class=\"elementor-widget-wrap\">\n\t\t\t\t\t\t\t<\/div>\n\t\t<\/div>\n\t\t\t\t\t<\/div>\n\t\t<\/section>\n\t\t\t\t<section class=\"elementor-section elementor-top-section elementor-element elementor-element-166e658e elementor-section-boxed elementor-section-height-default elementor-section-height-default\" data-id=\"166e658e\" data-element_type=\"section\" data-e-type=\"section\">\n\t\t\t\t\t\t<div class=\"elementor-container elementor-column-gap-default\">\n\t\t\t\t\t<div class=\"elementor-column elementor-col-100 elementor-top-column elementor-element elementor-element-f23dc6b\" data-id=\"f23dc6b\" data-element_type=\"column\" data-e-type=\"column\">\n\t\t\t<div class=\"elementor-widget-wrap elementor-element-populated\">\n\t\t\t\t\t\t<div class=\"elementor-element elementor-element-5a3e2b6 elementor-widget elementor-widget-text-editor\" data-id=\"5a3e2b6\" data-element_type=\"widget\" data-e-type=\"widget\" data-widget_type=\"text-editor.default\">\n\t\t\t\t<div class=\"elementor-widget-container\">\n\t\t\t\t\t\t\t\t\t<h2>Haust\u00fcren<\/h2><hr \/><p>Ihre Haust\u00fcre ist der Eingang zu Ihrem Zuhause. Die ideale Haust\u00fcr unterstreicht den Charakter Ihres Hauses in besonderer Weise. Sie sollte in Material, Design und Farbe perfekt zur Fassade und zum Baustil passen. Sie mu\u00df zum Stil des Hauses und mit der Umgebung harmonieren, soll optimalen Witterungsschutz bieten, sowie durch Materialst\u00e4rke und Schlie\u00dfmechanismus Einbrecher fernhalten. Unsere einbruchsicheren T\u00fcren sind rundherum abgesichert und \u00fcberzeugen als System ohne Schwachpunkte.<\/p>\t\t\t\t\t\t\t\t<\/div>\n\t\t\t\t<\/div>\n\t\t\t\t\t<\/div>\n\t\t<\/div>\n\t\t\t\t\t<\/div>\n\t\t<\/section>\n\t\t\t\t<section class=\"elementor-section elementor-top-section elementor-element elementor-element-f2f7579 elementor-section-boxed elementor-section-height-default elementor-section-height-default\" data-id=\"f2f7579\" data-element_type=\"section\" data-e-type=\"section\">\n\t\t\t\t\t\t<div class=\"elementor-container elementor-column-gap-default\">\n\t\t\t\t\t<div class=\"elementor-column elementor-col-100 elementor-top-column elementor-element elementor-element-8128392\" data-id=\"8128392\" data-element_type=\"column\" data-e-type=\"column\">\n\t\t\t<div class=\"elementor-widget-wrap elementor-element-populated\">\n\t\t\t\t\t\t<div class=\"elementor-element elementor-element-01d9634 elementor-widget elementor-widget-spacer\" data-id=\"01d9634\" data-element_type=\"widget\" data-e-type=\"widget\" data-widget_type=\"spacer.default\">\n\t\t\t\t<div class=\"elementor-widget-container\">\n\t\t\t\t\t\t\t<div class=\"elementor-spacer\">\n\t\t\t<div class=\"elementor-spacer-inner\"><\/div>\n\t\t<\/div>\n\t\t\t\t\t\t<\/div>\n\t\t\t\t<\/div>\n\t\t\t\t\t<\/div>\n\t\t<\/div>\n\t\t\t\t\t<\/div>\n\t\t<\/section>\n\t\t\t\t<section class=\"elementor-section elementor-top-section elementor-element elementor-element-5fcfd99 elementor-section-boxed elementor-section-height-default elementor-section-height-default\" data-id=\"5fcfd99\" data-element_type=\"section\" data-e-type=\"section\">\n\t\t\t\t\t\t<div class=\"elementor-container elementor-column-gap-default\">\n\t\t\t\t\t<div class=\"elementor-column elementor-col-50 elementor-top-column elementor-element elementor-element-82b1ffa\" data-id=\"82b1ffa\" data-element_type=\"column\" data-e-type=\"column\">\n\t\t\t<div class=\"elementor-widget-wrap elementor-element-populated\">\n\t\t\t\t\t\t<div class=\"elementor-element elementor-element-37e0260 elementor-arrows-position-inside elementor-pagination-position-outside elementor-widget elementor-widget-image-carousel\" data-id=\"37e0260\" data-element_type=\"widget\" data-e-type=\"widget\" data-settings=\"{&quot;slides_to_show&quot;:&quot;1&quot;,&quot;autoplay&quot;:&quot;no&quot;,&quot;effect&quot;:&quot;fade&quot;,&quot;navigation&quot;:&quot;both&quot;,&quot;infinite&quot;:&quot;yes&quot;,&quot;speed&quot;:500}\" data-widget_type=\"image-carousel.default\">\n\t\t\t\t<div class=\"elementor-widget-container\">\n\t\t\t\t\t\t\t<div class=\"elementor-image-carousel-wrapper swiper\" role=\"region\" aria-roledescription=\"carousel\" aria-label=\"Bild Karussell\" dir=\"ltr\">\n\t\t\t<div class=\"elementor-image-carousel swiper-wrapper\" aria-live=\"polite\">\n\t\t\t\t\t\t\t\t<div class=\"swiper-slide\" role=\"group\" aria-roledescription=\"slide\" aria-label=\"1 von 7\"><figure class=\"swiper-slide-inner\"><img decoding=\"async\" class=\"swiper-slide-image\" src=\"https:\/\/kanther-syke.de\/wp-content\/uploads\/2019\/08\/BC_Ausw-1-1.jpg\" alt=\"BASIC CLASS\" \/><figcaption class=\"elementor-image-carousel-caption\">BASIC CLASS<\/figcaption><\/figure><\/div><div class=\"swiper-slide\" role=\"group\" aria-roledescription=\"slide\" aria-label=\"2 von 7\"><figure class=\"swiper-slide-inner\"><img decoding=\"async\" class=\"swiper-slide-image\" src=\"https:\/\/kanther-syke.de\/wp-content\/uploads\/2019\/08\/DECOR_Ausw-1.jpg\" alt=\"DECOR\" \/><figcaption class=\"elementor-image-carousel-caption\">DECOR<\/figcaption><\/figure><\/div><div class=\"swiper-slide\" role=\"group\" aria-roledescription=\"slide\" aria-label=\"3 von 7\"><figure class=\"swiper-slide-inner\"><img decoding=\"async\" class=\"swiper-slide-image\" src=\"https:\/\/kanther-syke.de\/wp-content\/uploads\/2019\/08\/FREE_Ausw-1.jpg\" alt=\"FREE\" \/><figcaption class=\"elementor-image-carousel-caption\">FREE<\/figcaption><\/figure><\/div><div class=\"swiper-slide\" role=\"group\" aria-roledescription=\"slide\" aria-label=\"4 von 7\"><figure class=\"swiper-slide-inner\"><img decoding=\"async\" class=\"swiper-slide-image\" src=\"https:\/\/kanther-syke.de\/wp-content\/uploads\/2019\/08\/motion-ht-1.jpg\" alt=\"MOTION\" \/><figcaption class=\"elementor-image-carousel-caption\">MOTION<\/figcaption><\/figure><\/div><div class=\"swiper-slide\" role=\"group\" aria-roledescription=\"slide\" aria-label=\"5 von 7\"><figure class=\"swiper-slide-inner\"><img decoding=\"async\" class=\"swiper-slide-image\" src=\"https:\/\/kanther-syke.de\/wp-content\/uploads\/2019\/08\/PURE_Ausw-1.jpg\" alt=\"PURE\" \/><figcaption class=\"elementor-image-carousel-caption\">PURE<\/figcaption><\/figure><\/div><div class=\"swiper-slide\" role=\"group\" aria-roledescription=\"slide\" aria-label=\"6 von 7\"><figure class=\"swiper-slide-inner\"><img decoding=\"async\" class=\"swiper-slide-image\" src=\"https:\/\/kanther-syke.de\/wp-content\/uploads\/2019\/08\/STYLE_Ausw-1.jpg\" alt=\"STYLE\" \/><figcaption class=\"elementor-image-carousel-caption\">STYLE<\/figcaption><\/figure><\/div><div class=\"swiper-slide\" role=\"group\" aria-roledescription=\"slide\" aria-label=\"7 von 7\"><figure class=\"swiper-slide-inner\"><img decoding=\"async\" class=\"swiper-slide-image\" src=\"https:\/\/kanther-syke.de\/wp-content\/uploads\/2019\/08\/CC_Ausw_NEUlkkjljlj.jpg\" alt=\"CONCEPT CLASS\" \/><figcaption class=\"elementor-image-carousel-caption\">CONCEPT CLASS<\/figcaption><\/figure><\/div>\t\t\t<\/div>\n\t\t\t\t\t\t\t\t\t\t\t\t<div class=\"elementor-swiper-button elementor-swiper-button-prev\" role=\"button\" tabindex=\"0\">\n\t\t\t\t\t\t<i aria-hidden=\"true\" class=\"eicon-chevron-left\"><\/i>\t\t\t\t\t<\/div>\n\t\t\t\t\t<div class=\"elementor-swiper-button elementor-swiper-button-next\" role=\"button\" tabindex=\"0\">\n\t\t\t\t\t\t<i aria-hidden=\"true\" class=\"eicon-chevron-right\"><\/i>\t\t\t\t\t<\/div>\n\t\t\t\t\n\t\t\t\t\t\t\t\t\t<div class=\"swiper-pagination\"><\/div>\n\t\t\t\t\t\t\t\t\t<\/div>\n\t\t\t\t\t\t<\/div>\n\t\t\t\t<\/div>\n\t\t\t\t\t<\/div>\n\t\t<\/div>\n\t\t\t\t<div class=\"elementor-column elementor-col-50 elementor-top-column elementor-element elementor-element-2b07b3c\" data-id=\"2b07b3c\" data-element_type=\"column\" data-e-type=\"column\">\n\t\t\t<div class=\"elementor-widget-wrap elementor-element-populated\">\n\t\t\t\t\t\t<div class=\"elementor-element elementor-element-02f8b13 elementor-widget elementor-widget-spacer\" data-id=\"02f8b13\" data-element_type=\"widget\" data-e-type=\"widget\" data-widget_type=\"spacer.default\">\n\t\t\t\t<div class=\"elementor-widget-container\">\n\t\t\t\t\t\t\t<div class=\"elementor-spacer\">\n\t\t\t<div class=\"elementor-spacer-inner\"><\/div>\n\t\t<\/div>\n\t\t\t\t\t\t<\/div>\n\t\t\t\t<\/div>\n\t\t\t\t<div class=\"elementor-element elementor-element-4d24b5f elementor-widget elementor-widget-text-editor\" data-id=\"4d24b5f\" data-element_type=\"widget\" data-e-type=\"widget\" data-widget_type=\"text-editor.default\">\n\t\t\t\t<div class=\"elementor-widget-container\">\n\t\t\t\t\t\t\t\t\t<p>Mit unseren Au\u00dfent\u00fcren setzen Sie immer auf ein Maximum an Sicherheit, W\u00e4rmeschutz, Stabilit\u00e4t, Schalld\u00e4mmung und Lebensdauer. Wir f\u00fchren Eingangst\u00fcren in formsch\u00f6ner Optik, in den Materialien Aluminium, Holz, Kunststoff und Stahl. \u00dcberzeugen Sie sich in unserer Ausstellung. Sie finden bei uns Haust\u00fcren in klassischem Design mit Sprossen und Kassetten, trendig moderne mit interessanten Edelstahlapplikationen oder welche mit raffinierten Dekor- und Motivgl\u00e4sern von.<\/p>\t\t\t\t\t\t\t\t<\/div>\n\t\t\t\t<\/div>\n\t\t\t\t\t<\/div>\n\t\t<\/div>\n\t\t\t\t\t<\/div>\n\t\t<\/section>\n\t\t\t\t<section class=\"elementor-section elementor-top-section elementor-element elementor-element-d121a2b elementor-section-boxed elementor-section-height-default elementor-section-height-default\" data-id=\"d121a2b\" data-element_type=\"section\" data-e-type=\"section\">\n\t\t\t\t\t\t<div class=\"elementor-container elementor-column-gap-default\">\n\t\t\t\t\t<div class=\"elementor-column elementor-col-100 elementor-top-column elementor-element elementor-element-fda38dc\" data-id=\"fda38dc\" data-element_type=\"column\" data-e-type=\"column\">\n\t\t\t<div class=\"elementor-widget-wrap elementor-element-populated\">\n\t\t\t\t\t\t<div class=\"elementor-element elementor-element-d202f40 elementor-widget elementor-widget-spacer\" data-id=\"d202f40\" data-element_type=\"widget\" data-e-type=\"widget\" data-widget_type=\"spacer.default\">\n\t\t\t\t<div class=\"elementor-widget-container\">\n\t\t\t\t\t\t\t<div class=\"elementor-spacer\">\n\t\t\t<div class=\"elementor-spacer-inner\"><\/div>\n\t\t<\/div>\n\t\t\t\t\t\t<\/div>\n\t\t\t\t<\/div>\n\t\t\t\t\t<\/div>\n\t\t<\/div>\n\t\t\t\t\t<\/div>\n\t\t<\/section>\n\t\t\t\t<section class=\"elementor-section elementor-top-section elementor-element elementor-element-3160c1f elementor-section-boxed elementor-section-height-default elementor-section-height-default\" data-id=\"3160c1f\" data-element_type=\"section\" data-e-type=\"section\">\n\t\t\t\t\t\t<div class=\"elementor-container elementor-column-gap-default\">\n\t\t\t\t\t<div class=\"elementor-column elementor-col-50 elementor-top-column elementor-element elementor-element-768165d\" data-id=\"768165d\" data-element_type=\"column\" data-e-type=\"column\">\n\t\t\t<div class=\"elementor-widget-wrap elementor-element-populated\">\n\t\t\t\t\t\t<div class=\"elementor-element elementor-element-7d3fab5 elementor-widget elementor-widget-text-editor\" data-id=\"7d3fab5\" data-element_type=\"widget\" data-e-type=\"widget\" data-widget_type=\"text-editor.default\">\n\t\t\t\t<div class=\"elementor-widget-container\">\n\t\t\t\t\t\t\t\t\t<h2>Nebeneingangst\u00fcren<\/h2><hr \/><p>Sie haben eine Nebeneingangst\u00fcr geplant \u2013 zum Beispiel f\u00fcr den direkten Zugang zum Carport oder in den Garten? Dann haben wir auch daf\u00fcr die perfekte L\u00f6sung.<br \/>Neben einer wertigen und vor allem sicheren Standardausstattung lassen Ihnen vielseitige Gestaltungsm\u00f6glichkeiten gen\u00fcgend Spielraum zur Umsetzung Ihrer ganz pers\u00f6nlichen Vorstellungen.<br \/>Das Kunststoff-Profilsystem mit Anschlagdichtungen ist rundum stahlverst\u00e4rkt.Die Mehrfachverriegelung mit Pilzk\u00f6pfen und ein Profilzylinder mit Not- und Gefahrenfunktion sorgen f\u00fcr zus\u00e4tzliche Sicherheit.<\/p>\t\t\t\t\t\t\t\t<\/div>\n\t\t\t\t<\/div>\n\t\t\t\t\t<\/div>\n\t\t<\/div>\n\t\t\t\t<div class=\"elementor-column elementor-col-50 elementor-top-column elementor-element elementor-element-9ab091e\" data-id=\"9ab091e\" data-element_type=\"column\" data-e-type=\"column\">\n\t\t\t<div class=\"elementor-widget-wrap elementor-element-populated\">\n\t\t\t\t\t\t<div class=\"elementor-element elementor-element-56aec9b elementor-widget elementor-widget-image\" data-id=\"56aec9b\" data-element_type=\"widget\" data-e-type=\"widget\" data-widget_type=\"image.default\">\n\t\t\t\t<div class=\"elementor-widget-container\">\n\t\t\t\t\t\t\t\t\t\t\t\t\t\t\t<img fetchpriority=\"high\" decoding=\"async\" width=\"773\" height=\"435\" src=\"https:\/\/kanther-syke.de\/wp-content\/uploads\/2019\/08\/Gruppeerwer3.jpg\" class=\"attachment-large size-large wp-image-2318\" alt=\"\" srcset=\"https:\/\/kanther-syke.de\/wp-content\/uploads\/2019\/08\/Gruppeerwer3.jpg 773w, https:\/\/kanther-syke.de\/wp-content\/uploads\/2019\/08\/Gruppeerwer3-300x169.jpg 300w, https:\/\/kanther-syke.de\/wp-content\/uploads\/2019\/08\/Gruppeerwer3-768x432.jpg 768w\" sizes=\"(max-width: 773px) 100vw, 773px\" \/>\t\t\t\t\t\t\t\t\t\t\t\t\t\t\t<\/div>\n\t\t\t\t<\/div>\n\t\t\t\t\t<\/div>\n\t\t<\/div>\n\t\t\t\t\t<\/div>\n\t\t<\/section>\n\t\t\t\t<section class=\"elementor-section elementor-top-section elementor-element elementor-element-d6b4dfd elementor-section-boxed elementor-section-height-default elementor-section-height-default\" data-id=\"d6b4dfd\" data-element_type=\"section\" data-e-type=\"section\">\n\t\t\t\t\t\t<div class=\"elementor-container elementor-column-gap-default\">\n\t\t\t\t\t<div class=\"elementor-column elementor-col-100 elementor-top-column elementor-element elementor-element-db29017\" data-id=\"db29017\" data-element_type=\"column\" data-e-type=\"column\">\n\t\t\t<div class=\"elementor-widget-wrap elementor-element-populated\">\n\t\t\t\t\t\t<div class=\"elementor-element elementor-element-38dba71 elementor-widget elementor-widget-spacer\" data-id=\"38dba71\" data-element_type=\"widget\" data-e-type=\"widget\" data-widget_type=\"spacer.default\">\n\t\t\t\t<div class=\"elementor-widget-container\">\n\t\t\t\t\t\t\t<div class=\"elementor-spacer\">\n\t\t\t<div class=\"elementor-spacer-inner\"><\/div>\n\t\t<\/div>\n\t\t\t\t\t\t<\/div>\n\t\t\t\t<\/div>\n\t\t\t\t\t<\/div>\n\t\t<\/div>\n\t\t\t\t\t<\/div>\n\t\t<\/section>\n\t\t\t\t<section class=\"elementor-section elementor-top-section elementor-element elementor-element-83827e6 elementor-section-boxed elementor-section-height-default elementor-section-height-default\" data-id=\"83827e6\" data-element_type=\"section\" data-e-type=\"section\">\n\t\t\t\t\t\t<div class=\"elementor-container elementor-column-gap-default\">\n\t\t\t\t\t<div class=\"elementor-column elementor-col-50 elementor-top-column elementor-element elementor-element-9b0ca6c\" data-id=\"9b0ca6c\" data-element_type=\"column\" data-e-type=\"column\">\n\t\t\t<div class=\"elementor-widget-wrap elementor-element-populated\">\n\t\t\t\t\t\t<div class=\"elementor-element elementor-element-898573c elementor-widget elementor-widget-image\" data-id=\"898573c\" data-element_type=\"widget\" data-e-type=\"widget\" data-widget_type=\"image.default\">\n\t\t\t\t<div class=\"elementor-widget-container\">\n\t\t\t\t\t\t\t\t\t\t\t\t\t\t\t<img decoding=\"async\" width=\"140\" height=\"72\" src=\"https:\/\/kanther-syke.de\/wp-content\/uploads\/2019\/08\/wirus-logo-1.png\" class=\"attachment-medium size-medium wp-image-872\" alt=\"\" \/>\t\t\t\t\t\t\t\t\t\t\t\t\t\t\t<\/div>\n\t\t\t\t<\/div>\n\t\t\t\t\t<\/div>\n\t\t<\/div>\n\t\t\t\t<div class=\"elementor-column elementor-col-50 elementor-top-column elementor-element elementor-element-7b6e919\" data-id=\"7b6e919\" data-element_type=\"column\" data-e-type=\"column\">\n\t\t\t<div class=\"elementor-widget-wrap elementor-element-populated\">\n\t\t\t\t\t\t<div class=\"elementor-element elementor-element-92b7aec elementor-widget elementor-widget-text-editor\" data-id=\"92b7aec\" data-element_type=\"widget\" data-e-type=\"widget\" data-widget_type=\"text-editor.default\">\n\t\t\t\t<div class=\"elementor-widget-container\">\n\t\t\t\t\t\t\t\t\t<p>Jede WIRUS-Haust\u00fcr ist ein Unikat. Um genau Ihren Anspr\u00fcchen zu gen\u00fcgen. Modernste Fertigungstechnologien und handwerkliches K\u00f6nnen erg\u00e4nzen sich in der WIRUS-Produktion optimal und sind Garant f\u00fcr das hohe Qualit\u00e4tsniveau der Produkte, die ausgeliefert werden. F\u00fcr Ihre pers\u00f6nlichen W\u00fcnsche haben die WIRUS-Fachhandelspartner immer ein offenes Ohr. Hier werden Sie ausf\u00fchrlich in allen Fragen zu Ihrer neuen Haust\u00fcr beraten.<\/p>\t\t\t\t\t\t\t\t<\/div>\n\t\t\t\t<\/div>\n\t\t\t\t\t<\/div>\n\t\t<\/div>\n\t\t\t\t\t<\/div>\n\t\t<\/section>\n\t\t\t\t<section class=\"elementor-section elementor-top-section elementor-element elementor-element-7c3cb02 elementor-section-boxed elementor-section-height-default elementor-section-height-default\" data-id=\"7c3cb02\" data-element_type=\"section\" data-e-type=\"section\">\n\t\t\t\t\t\t<div class=\"elementor-container elementor-column-gap-default\">\n\t\t\t\t\t<div class=\"elementor-column elementor-col-100 elementor-top-column elementor-element elementor-element-2283674\" data-id=\"2283674\" data-element_type=\"column\" data-e-type=\"column\">\n\t\t\t<div class=\"elementor-widget-wrap elementor-element-populated\">\n\t\t\t\t\t\t<div class=\"elementor-element elementor-element-b27b6c9 elementor-widget elementor-widget-spacer\" data-id=\"b27b6c9\" data-element_type=\"widget\" data-e-type=\"widget\" data-widget_type=\"spacer.default\">\n\t\t\t\t<div class=\"elementor-widget-container\">\n\t\t\t\t\t\t\t<div class=\"elementor-spacer\">\n\t\t\t<div class=\"elementor-spacer-inner\"><\/div>\n\t\t<\/div>\n\t\t\t\t\t\t<\/div>\n\t\t\t\t<\/div>\n\t\t\t\t\t<\/div>\n\t\t<\/div>\n\t\t\t\t\t<\/div>\n\t\t<\/section>\n\t\t\t\t<\/div>\n\t\t","protected":false},"excerpt":{"rendered":"<p>Haust\u00fcren Ihre Haust\u00fcre ist der Eingang zu Ihrem Zuhause. Die ideale Haust\u00fcr unterstreicht den Charakter Ihres Hauses in besonderer Weise. Sie sollte in Material, Design und Farbe perfekt zur Fassade und zum Baustil passen. Sie mu\u00df zum Stil des Hauses und mit der Umgebung harmonieren, soll optimalen Witterungsschutz bieten, sowie durch Materialst\u00e4rke und Schlie\u00dfmechanismus Einbrecher&hellip;&nbsp;<a href=\"https:\/\/kanther-syke.de\/?page_id=957\" rel=\"bookmark\">Mehr lesen &raquo;<span class=\"screen-reader-text\">Haust\u00fcren<\/span><\/a><\/p>\n","protected":false},"author":1,"featured_media":0,"parent":526,"menu_order":0,"comment_status":"closed","ping_status":"closed","template":"","meta":{"neve_meta_sidebar":"","neve_meta_container":"","neve_meta_enable_content_width":"","neve_meta_content_width":70,"neve_meta_title_alignment":"","neve_meta_author_avatar":"","neve_post_elements_order":"","neve_meta_disable_header":"","neve_meta_disable_footer":"","neve_meta_disable_title":"on","neve_meta_reading_time":"","_themeisle_gutenberg_block_has_review":false,"footnotes":""},"class_list":["post-957","page","type-page","status-publish","hentry"],"_links":{"self":[{"href":"https:\/\/kanther-syke.de\/index.php?rest_route=\/wp\/v2\/pages\/957","targetHints":{"allow":["GET"]}}],"collection":[{"href":"https:\/\/kanther-syke.de\/index.php?rest_route=\/wp\/v2\/pages"}],"about":[{"href":"https:\/\/kanther-syke.de\/index.php?rest_route=\/wp\/v2\/types\/page"}],"author":[{"embeddable":true,"href":"https:\/\/kanther-syke.de\/index.php?rest_route=\/wp\/v2\/users\/1"}],"replies":[{"embeddable":true,"href":"https:\/\/kanther-syke.de\/index.php?rest_route=%2Fwp%2Fv2%2Fcomments&post=957"}],"version-history":[{"count":20,"href":"https:\/\/kanther-syke.de\/index.php?rest_route=\/wp\/v2\/pages\/957\/revisions"}],"predecessor-version":[{"id":2323,"href":"https:\/\/kanther-syke.de\/index.php?rest_route=\/wp\/v2\/pages\/957\/revisions\/2323"}],"up":[{"embeddable":true,"href":"https:\/\/kanther-syke.de\/index.php?rest_route=\/wp\/v2\/pages\/526"}],"wp:attachment":[{"href":"https:\/\/kanther-syke.de\/index.php?rest_route=%2Fwp%2Fv2%2Fmedia&parent=957"}],"curies":[{"name":"wp","href":"https:\/\/api.w.org\/{rel}","templated":true}]}}