{"id":682,"date":"2019-08-07T13:22:17","date_gmt":"2019-08-07T13:22:17","guid":{"rendered":"http:\/\/wp.kanther-syke.de\/?page_id=682"},"modified":"2022-05-26T15:16:31","modified_gmt":"2022-05-26T13:16:31","slug":"garagentore","status":"publish","type":"page","link":"https:\/\/kanther-syke.de\/?page_id=682","title":{"rendered":"Garagentore"},"content":{"rendered":"\t\t<div data-elementor-type=\"wp-post\" data-elementor-id=\"682\" class=\"elementor elementor-682\">\n\t\t\t\t\t\t<section class=\"elementor-section elementor-top-section elementor-element elementor-element-389fd84 elementor-section-boxed elementor-section-height-default elementor-section-height-default\" data-id=\"389fd84\" data-element_type=\"section\" data-e-type=\"section\">\n\t\t\t\t\t\t<div class=\"elementor-container elementor-column-gap-default\">\n\t\t\t\t\t<div class=\"elementor-column elementor-col-100 elementor-top-column elementor-element elementor-element-1dd615c9\" data-id=\"1dd615c9\" data-element_type=\"column\" data-e-type=\"column\">\n\t\t\t<div class=\"elementor-widget-wrap elementor-element-populated\">\n\t\t\t\t\t\t<div class=\"elementor-element elementor-element-6a8f7f70 elementor-widget elementor-widget-text-editor\" data-id=\"6a8f7f70\" data-element_type=\"widget\" data-e-type=\"widget\" data-widget_type=\"text-editor.default\">\n\t\t\t\t<div class=\"elementor-widget-container\">\n\t\t\t\t\t\t\t\t\t<h2>Garagentore<\/h2><hr \/><h2>\u00a0<\/h2>\t\t\t\t\t\t\t\t<\/div>\n\t\t\t\t<\/div>\n\t\t\t\t\t<\/div>\n\t\t<\/div>\n\t\t\t\t\t<\/div>\n\t\t<\/section>\n\t\t\t\t<section class=\"elementor-section elementor-top-section elementor-element elementor-element-0fedc1a elementor-section-boxed elementor-section-height-default elementor-section-height-default\" data-id=\"0fedc1a\" data-element_type=\"section\" data-e-type=\"section\">\n\t\t\t\t\t\t<div class=\"elementor-container elementor-column-gap-default\">\n\t\t\t\t\t<div class=\"elementor-column elementor-col-50 elementor-top-column elementor-element elementor-element-b63c6a5\" data-id=\"b63c6a5\" data-element_type=\"column\" data-e-type=\"column\">\n\t\t\t<div class=\"elementor-widget-wrap elementor-element-populated\">\n\t\t\t\t\t\t<div class=\"elementor-element elementor-element-2b45acc elementor-widget elementor-widget-text-editor\" data-id=\"2b45acc\" data-element_type=\"widget\" data-e-type=\"widget\" data-widget_type=\"text-editor.default\">\n\t\t\t\t<div class=\"elementor-widget-container\">\n\t\t\t\t\t\t\t\t\t<h2>Detolux Garagentor<\/h2><hr \/><p>Detolux ist das leise Aluminium-Deckenlauftor f\u00fcr niedrige Garagen und verschiedene Dachneigungen. Es ben\u00f6tigt keinen Platz an den Garagenw\u00e4nden. Das bedeutet: mehr Spielraum bei der Neubauplanung.<\/p>\t\t\t\t\t\t\t\t<\/div>\n\t\t\t\t<\/div>\n\t\t\t\t\t<\/div>\n\t\t<\/div>\n\t\t\t\t<div class=\"elementor-column elementor-col-50 elementor-top-column elementor-element elementor-element-494ef53\" data-id=\"494ef53\" data-element_type=\"column\" data-e-type=\"column\">\n\t\t\t<div class=\"elementor-widget-wrap elementor-element-populated\">\n\t\t\t\t\t\t<div class=\"elementor-element elementor-element-6dec995 elementor-arrows-position-inside elementor-pagination-position-outside elementor-invisible elementor-widget elementor-widget-image-carousel\" data-id=\"6dec995\" data-element_type=\"widget\" data-e-type=\"widget\" data-settings=\"{&quot;slides_to_show&quot;:&quot;1&quot;,&quot;autoplay&quot;:&quot;no&quot;,&quot;effect&quot;:&quot;fade&quot;,&quot;_animation&quot;:&quot;fadeInLeft&quot;,&quot;navigation&quot;:&quot;both&quot;,&quot;infinite&quot;:&quot;yes&quot;,&quot;speed&quot;:500}\" data-widget_type=\"image-carousel.default\">\n\t\t\t\t<div class=\"elementor-widget-container\">\n\t\t\t\t\t\t\t<div class=\"elementor-image-carousel-wrapper swiper\" role=\"region\" aria-roledescription=\"carousel\" aria-label=\"Bild Karussell\" dir=\"ltr\">\n\t\t\t<div class=\"elementor-image-carousel swiper-wrapper\" aria-live=\"polite\">\n\t\t\t\t\t\t\t\t<div class=\"swiper-slide\" role=\"group\" aria-roledescription=\"slide\" aria-label=\"1 von 5\"><figure class=\"swiper-slide-inner\"><img decoding=\"async\" class=\"swiper-slide-image\" src=\"https:\/\/kanther-syke.de\/wp-content\/uploads\/2019\/08\/Garagentor-Deckenlauftor-Detolux-halb-offen-533x620.jpg\" alt=\"Garagentor-Deckenlauftor-Detolux-halb-offen\" \/><\/figure><\/div><div class=\"swiper-slide\" role=\"group\" aria-roledescription=\"slide\" aria-label=\"2 von 5\"><figure class=\"swiper-slide-inner\"><img decoding=\"async\" class=\"swiper-slide-image\" src=\"https:\/\/kanther-syke.de\/wp-content\/uploads\/2019\/10\/Garagentore_0071-930x620.jpg\" alt=\"Garagentore_0071\" \/><\/figure><\/div><div class=\"swiper-slide\" role=\"group\" aria-roledescription=\"slide\" aria-label=\"3 von 5\"><figure class=\"swiper-slide-inner\"><img decoding=\"async\" class=\"swiper-slide-image\" src=\"https:\/\/kanther-syke.de\/wp-content\/uploads\/2019\/10\/Garagentore_0106-930x620.jpg\" alt=\"Alulux 2013\" \/><\/figure><\/div><div class=\"swiper-slide\" role=\"group\" aria-roledescription=\"slide\" aria-label=\"4 von 5\"><figure class=\"swiper-slide-inner\"><img decoding=\"async\" class=\"swiper-slide-image\" src=\"https:\/\/kanther-syke.de\/wp-content\/uploads\/2019\/10\/Garagentore_0006-930x620.jpg\" alt=\"Garagentore_0006\" \/><\/figure><\/div><div class=\"swiper-slide\" role=\"group\" aria-roledescription=\"slide\" aria-label=\"5 von 5\"><figure class=\"swiper-slide-inner\"><img decoding=\"async\" class=\"swiper-slide-image\" src=\"https:\/\/kanther-syke.de\/wp-content\/uploads\/2019\/10\/Garagentore_0005-930x620.jpg\" alt=\"Garagentore_0005\" \/><\/figure><\/div>\t\t\t<\/div>\n\t\t\t\t\t\t\t\t\t\t\t\t<div class=\"elementor-swiper-button elementor-swiper-button-prev\" role=\"button\" tabindex=\"0\">\n\t\t\t\t\t\t<i aria-hidden=\"true\" class=\"eicon-chevron-left\"><\/i>\t\t\t\t\t<\/div>\n\t\t\t\t\t<div class=\"elementor-swiper-button elementor-swiper-button-next\" role=\"button\" tabindex=\"0\">\n\t\t\t\t\t\t<i aria-hidden=\"true\" class=\"eicon-chevron-right\"><\/i>\t\t\t\t\t<\/div>\n\t\t\t\t\n\t\t\t\t\t\t\t\t\t<div class=\"swiper-pagination\"><\/div>\n\t\t\t\t\t\t\t\t\t<\/div>\n\t\t\t\t\t\t<\/div>\n\t\t\t\t<\/div>\n\t\t\t\t\t<\/div>\n\t\t<\/div>\n\t\t\t\t\t<\/div>\n\t\t<\/section>\n\t\t\t\t<section class=\"elementor-section elementor-top-section elementor-element elementor-element-371ac38 elementor-section-boxed elementor-section-height-default elementor-section-height-default\" data-id=\"371ac38\" data-element_type=\"section\" data-e-type=\"section\">\n\t\t\t\t\t\t<div class=\"elementor-container elementor-column-gap-default\">\n\t\t\t\t\t<div class=\"elementor-column elementor-col-100 elementor-top-column elementor-element elementor-element-51a1177\" data-id=\"51a1177\" data-element_type=\"column\" data-e-type=\"column\">\n\t\t\t<div class=\"elementor-widget-wrap elementor-element-populated\">\n\t\t\t\t\t\t<div class=\"elementor-element elementor-element-251b599 elementor-widget elementor-widget-spacer\" data-id=\"251b599\" data-element_type=\"widget\" data-e-type=\"widget\" data-widget_type=\"spacer.default\">\n\t\t\t\t<div class=\"elementor-widget-container\">\n\t\t\t\t\t\t\t<div class=\"elementor-spacer\">\n\t\t\t<div class=\"elementor-spacer-inner\"><\/div>\n\t\t<\/div>\n\t\t\t\t\t\t<\/div>\n\t\t\t\t<\/div>\n\t\t\t\t\t<\/div>\n\t\t<\/div>\n\t\t\t\t\t<\/div>\n\t\t<\/section>\n\t\t\t\t<section class=\"elementor-section elementor-top-section elementor-element elementor-element-fd819e0 elementor-section-boxed elementor-section-height-default elementor-section-height-default\" data-id=\"fd819e0\" data-element_type=\"section\" data-e-type=\"section\">\n\t\t\t\t\t\t<div class=\"elementor-container elementor-column-gap-default\">\n\t\t\t\t\t<div class=\"elementor-column elementor-col-50 elementor-top-column elementor-element elementor-element-2cc30e3\" data-id=\"2cc30e3\" data-element_type=\"column\" data-e-type=\"column\">\n\t\t\t<div class=\"elementor-widget-wrap elementor-element-populated\">\n\t\t\t\t\t\t<div class=\"elementor-element elementor-element-ca756f1 elementor-invisible elementor-widget elementor-widget-image\" data-id=\"ca756f1\" data-element_type=\"widget\" data-e-type=\"widget\" data-settings=\"{&quot;_animation&quot;:&quot;fadeInRight&quot;}\" data-widget_type=\"image.default\">\n\t\t\t\t<div class=\"elementor-widget-container\">\n\t\t\t\t\t\t\t\t\t\t\t\t\t\t\t<img fetchpriority=\"high\" decoding=\"async\" width=\"533\" height=\"800\" src=\"https:\/\/kanther-syke.de\/wp-content\/uploads\/2019\/08\/002_garagentor_resident_ATRE0011f4.jpg\" class=\"attachment-large size-large wp-image-2333\" alt=\"\" srcset=\"https:\/\/kanther-syke.de\/wp-content\/uploads\/2019\/08\/002_garagentor_resident_ATRE0011f4.jpg 533w, https:\/\/kanther-syke.de\/wp-content\/uploads\/2019\/08\/002_garagentor_resident_ATRE0011f4-200x300.jpg 200w\" sizes=\"(max-width: 533px) 100vw, 533px\" \/>\t\t\t\t\t\t\t\t\t\t\t\t\t\t\t<\/div>\n\t\t\t\t<\/div>\n\t\t\t\t\t<\/div>\n\t\t<\/div>\n\t\t\t\t<div class=\"elementor-column elementor-col-50 elementor-top-column elementor-element elementor-element-47fb944\" data-id=\"47fb944\" data-element_type=\"column\" data-e-type=\"column\">\n\t\t\t<div class=\"elementor-widget-wrap elementor-element-populated\">\n\t\t\t\t\t\t<div class=\"elementor-element elementor-element-d99c379 elementor-widget elementor-widget-text-editor\" data-id=\"d99c379\" data-element_type=\"widget\" data-e-type=\"widget\" data-widget_type=\"text-editor.default\">\n\t\t\t\t<div class=\"elementor-widget-container\">\n\t\t\t\t\t\t\t\t\t<h2>Resident Garagentor<\/h2><hr \/><p>Resident ist der XL-Platzsparer unter den Garagentoren. Das Aluminium-Rolltor l\u00e4sst Ihre Garagenw\u00e4nde und die Decke v\u00f6llig frei und sorgt f\u00fcr maximalen Raumgewinn. Beim \u00d6ffnen parkt der Torpanzer im geschlossenen Aluminiumkasten \u2013 gesch\u00fctzt gegen Schmutz, Staub und Besch\u00e4digungen. Das Premium-Garagentor bietet Ihnen umfangreiche, individuelle Ausstattungsm\u00f6glichkeiten.<\/p>\t\t\t\t\t\t\t\t<\/div>\n\t\t\t\t<\/div>\n\t\t\t\t\t<\/div>\n\t\t<\/div>\n\t\t\t\t\t<\/div>\n\t\t<\/section>\n\t\t\t\t<section class=\"elementor-section elementor-top-section elementor-element elementor-element-d85bdc2 elementor-section-boxed elementor-section-height-default elementor-section-height-default\" data-id=\"d85bdc2\" data-element_type=\"section\" data-e-type=\"section\">\n\t\t\t\t\t\t<div class=\"elementor-container elementor-column-gap-default\">\n\t\t\t\t\t<div class=\"elementor-column elementor-col-100 elementor-top-column elementor-element elementor-element-2733428\" data-id=\"2733428\" data-element_type=\"column\" data-e-type=\"column\">\n\t\t\t<div class=\"elementor-widget-wrap elementor-element-populated\">\n\t\t\t\t\t\t<div class=\"elementor-element elementor-element-5d875bc elementor-widget elementor-widget-spacer\" data-id=\"5d875bc\" data-element_type=\"widget\" data-e-type=\"widget\" data-widget_type=\"spacer.default\">\n\t\t\t\t<div class=\"elementor-widget-container\">\n\t\t\t\t\t\t\t<div class=\"elementor-spacer\">\n\t\t\t<div class=\"elementor-spacer-inner\"><\/div>\n\t\t<\/div>\n\t\t\t\t\t\t<\/div>\n\t\t\t\t<\/div>\n\t\t\t\t\t<\/div>\n\t\t<\/div>\n\t\t\t\t\t<\/div>\n\t\t<\/section>\n\t\t\t\t<\/div>\n\t\t","protected":false},"excerpt":{"rendered":"<p>Garagentore \u00a0 Detolux Garagentor Detolux ist das leise Aluminium-Deckenlauftor f\u00fcr niedrige Garagen und verschiedene Dachneigungen. Es ben\u00f6tigt keinen Platz an den Garagenw\u00e4nden. Das bedeutet: mehr Spielraum bei der Neubauplanung. Zur\u00fcck Weiter Resident Garagentor Resident ist der XL-Platzsparer unter den Garagentoren. Das Aluminium-Rolltor l\u00e4sst Ihre Garagenw\u00e4nde und die Decke v\u00f6llig frei und sorgt f\u00fcr maximalen Raumgewinn.&hellip;&nbsp;<a href=\"https:\/\/kanther-syke.de\/?page_id=682\" rel=\"bookmark\">Mehr lesen &raquo;<span class=\"screen-reader-text\">Garagentore<\/span><\/a><\/p>\n","protected":false},"author":1,"featured_media":0,"parent":367,"menu_order":0,"comment_status":"closed","ping_status":"closed","template":"","meta":{"neve_meta_sidebar":"","neve_meta_container":"","neve_meta_enable_content_width":"","neve_meta_content_width":70,"neve_meta_title_alignment":"","neve_meta_author_avatar":"","neve_post_elements_order":"","neve_meta_disable_header":"","neve_meta_disable_footer":"","neve_meta_disable_title":"on","neve_meta_reading_time":"","_themeisle_gutenberg_block_has_review":false,"footnotes":""},"class_list":["post-682","page","type-page","status-publish","hentry"],"_links":{"self":[{"href":"https:\/\/kanther-syke.de\/index.php?rest_route=\/wp\/v2\/pages\/682","targetHints":{"allow":["GET"]}}],"collection":[{"href":"https:\/\/kanther-syke.de\/index.php?rest_route=\/wp\/v2\/pages"}],"about":[{"href":"https:\/\/kanther-syke.de\/index.php?rest_route=\/wp\/v2\/types\/page"}],"author":[{"embeddable":true,"href":"https:\/\/kanther-syke.de\/index.php?rest_route=\/wp\/v2\/users\/1"}],"replies":[{"embeddable":true,"href":"https:\/\/kanther-syke.de\/index.php?rest_route=%2Fwp%2Fv2%2Fcomments&post=682"}],"version-history":[{"count":29,"href":"https:\/\/kanther-syke.de\/index.php?rest_route=\/wp\/v2\/pages\/682\/revisions"}],"predecessor-version":[{"id":3014,"href":"https:\/\/kanther-syke.de\/index.php?rest_route=\/wp\/v2\/pages\/682\/revisions\/3014"}],"up":[{"embeddable":true,"href":"https:\/\/kanther-syke.de\/index.php?rest_route=\/wp\/v2\/pages\/367"}],"wp:attachment":[{"href":"https:\/\/kanther-syke.de\/index.php?rest_route=%2Fwp%2Fv2%2Fmedia&parent=682"}],"curies":[{"name":"wp","href":"https:\/\/api.w.org\/{rel}","templated":true}]}}