{"id":384,"date":"2019-08-05T13:05:51","date_gmt":"2019-08-05T13:05:51","guid":{"rendered":"http:\/\/wp.kanther-syke.de\/?page_id=384"},"modified":"2024-11-21T09:48:06","modified_gmt":"2024-11-21T08:48:06","slug":"ausstellung","status":"publish","type":"page","link":"https:\/\/kanther-syke.de\/?page_id=384","title":{"rendered":"Ausstellung"},"content":{"rendered":"\t\t<div data-elementor-type=\"wp-post\" data-elementor-id=\"384\" class=\"elementor elementor-384\">\n\t\t\t\t\t\t<section class=\"elementor-section elementor-top-section elementor-element elementor-element-2fe462fa elementor-section-boxed elementor-section-height-default elementor-section-height-default\" data-id=\"2fe462fa\" data-element_type=\"section\" data-e-type=\"section\">\n\t\t\t\t\t\t<div class=\"elementor-container elementor-column-gap-default\">\n\t\t\t\t\t<div class=\"elementor-column elementor-col-100 elementor-top-column elementor-element elementor-element-3d70c146\" data-id=\"3d70c146\" data-element_type=\"column\" data-e-type=\"column\">\n\t\t\t<div class=\"elementor-widget-wrap elementor-element-populated\">\n\t\t\t\t\t\t<div class=\"elementor-element elementor-element-2430fe0e elementor-widget elementor-widget-text-editor\" data-id=\"2430fe0e\" data-element_type=\"widget\" data-e-type=\"widget\" data-widget_type=\"text-editor.default\">\n\t\t\t\t<div class=\"elementor-widget-container\">\n\t\t\t\t\t\t\t\t\t<h2>Ausstellung<\/h2><hr \/>\t\t\t\t\t\t\t\t<\/div>\n\t\t\t\t<\/div>\n\t\t\t\t\t<\/div>\n\t\t<\/div>\n\t\t\t\t\t<\/div>\n\t\t<\/section>\n\t\t\t\t<section class=\"elementor-section elementor-top-section elementor-element elementor-element-6476fb5 elementor-section-boxed elementor-section-height-default elementor-section-height-default\" data-id=\"6476fb5\" data-element_type=\"section\" data-e-type=\"section\">\n\t\t\t\t\t\t<div class=\"elementor-container elementor-column-gap-default\">\n\t\t\t\t\t<div class=\"elementor-column elementor-col-100 elementor-top-column elementor-element elementor-element-4b08671\" data-id=\"4b08671\" data-element_type=\"column\" data-e-type=\"column\">\n\t\t\t<div class=\"elementor-widget-wrap elementor-element-populated\">\n\t\t\t\t\t\t<div class=\"elementor-element elementor-element-7181253 elementor-widget elementor-widget-text-editor\" data-id=\"7181253\" data-element_type=\"widget\" data-e-type=\"widget\" data-widget_type=\"text-editor.default\">\n\t\t\t\t<div class=\"elementor-widget-container\">\n\t\t\t\t\t\t\t\t\t<strong>Unsere Ausstellung &#8211; Virtuell entdecken<\/strong>\n\nIn unserer virtuellen Ausstellung pr\u00e4sentieren wir Ihnen eine Vielfalt an Produkten f\u00fchrender Hersteller sowie individuelle L\u00f6sungen aus unserer Manufaktur. Erkunden Sie unser Sortiment ganz bequem von zu Hause aus und lassen Sie sich inspirieren.<br><br>\n\n<!-- Links zur Auswahl der Ansicht, zentriert -->\n<div style=\"text-align: center;\">\n    <a href=\"javascript:void(0);\" onclick=\"showIframe('exhibition');\" style=\"margin-right: 20px;\">Ausstellung<\/a>\n    <a href=\"javascript:void(0);\" onclick=\"showIframe('manufactory');\">Manufaktur<\/a>\n<\/div><br>\n\n<!-- IFrame Container -->\n<div style=\"position: relative; padding-bottom: 56.25%; height: 0; overflow: hidden;\">\n    <iframe id=\"virtualTour\" style=\"position: absolute; top: 0; left: 0; width: 100%; height: 100%; border: 0;\" \n    src=\"https:\/\/www.google.com\/maps\/embed?pb=!4v1732178453672!6m8!1m7!1sCAoSLEFGMVFpcFBsYzlKVnZ3THdOU3c2ZHRYVkt5NUJFc002WU9ITHFXWFBzaE44!2m2!1d52.91255693256222!2d8.792985590945356!3f40.921091744373754!4f-5.272255969030496!5f0.7820865974627469\" \n    allowfullscreen=\"allowfullscreen\"><\/iframe>\n<\/div>\n\n<!-- JavaScript zur Umschaltung des iFrame -->\n<script>\n    function showIframe(view) {\n        const iframe = document.getElementById('virtualTour');\n        if (view === 'exhibition') {\n            iframe.src = \"https:\/\/www.google.com\/maps\/embed?pb=!4v1732178453672!6m8!1m7!1sCAoSLEFGMVFpcFBsYzlKVnZ3THdOU3c2ZHRYVkt5NUJFc002WU9ITHFXWFBzaE44!2m2!1d52.91255693256222!2d8.792985590945356!3f40.921091744373754!4f-5.272255969030496!5f0.7820865974627469\";\n        } else if (view === 'manufactory') {\n            iframe.src = \"https:\/\/www.google.com\/maps\/embed?pb=!4v1732178284135!6m8!1m7!1sCAoSLEFGMVFpcFBaZHpLb3dKWUVNaFdONHFBS2tSM0FWVDFyZnFiUlQ4RVlDcEpW!2m2!1d52.91257295108439!2d8.793013066475515!3f56.586859177408314!4f4.940192351200764!5f0.7820865974627469\";\n        }\n    }\n<\/script>\n\t\t\t\t\t\t\t\t<\/div>\n\t\t\t\t<\/div>\n\t\t\t\t\t<\/div>\n\t\t<\/div>\n\t\t\t\t\t<\/div>\n\t\t<\/section>\n\t\t\t\t<section class=\"elementor-section elementor-top-section elementor-element elementor-element-42e9939 elementor-section-boxed elementor-section-height-default elementor-section-height-default\" data-id=\"42e9939\" data-element_type=\"section\" data-e-type=\"section\">\n\t\t\t\t\t\t<div class=\"elementor-container elementor-column-gap-default\">\n\t\t\t\t\t<div class=\"elementor-column elementor-col-100 elementor-top-column elementor-element elementor-element-4cf9dcb\" data-id=\"4cf9dcb\" data-element_type=\"column\" data-e-type=\"column\">\n\t\t\t<div class=\"elementor-widget-wrap elementor-element-populated\">\n\t\t\t\t\t\t<div class=\"elementor-element elementor-element-154c93e elementor-widget elementor-widget-spacer\" data-id=\"154c93e\" data-element_type=\"widget\" data-e-type=\"widget\" data-widget_type=\"spacer.default\">\n\t\t\t\t<div class=\"elementor-widget-container\">\n\t\t\t\t\t\t\t<div class=\"elementor-spacer\">\n\t\t\t<div class=\"elementor-spacer-inner\"><\/div>\n\t\t<\/div>\n\t\t\t\t\t\t<\/div>\n\t\t\t\t<\/div>\n\t\t\t\t\t<\/div>\n\t\t<\/div>\n\t\t\t\t\t<\/div>\n\t\t<\/section>\n\t\t\t\t<section class=\"elementor-section elementor-top-section elementor-element elementor-element-8bff04d elementor-section-boxed elementor-section-height-default elementor-section-height-default\" data-id=\"8bff04d\" data-element_type=\"section\" data-e-type=\"section\">\n\t\t\t\t\t\t<div class=\"elementor-container elementor-column-gap-default\">\n\t\t\t\t\t<div class=\"elementor-column elementor-col-50 elementor-top-column elementor-element elementor-element-1939e28\" data-id=\"1939e28\" data-element_type=\"column\" data-e-type=\"column\">\n\t\t\t<div class=\"elementor-widget-wrap elementor-element-populated\">\n\t\t\t\t\t\t<div class=\"elementor-element elementor-element-4ea5b5b elementor-widget elementor-widget-text-editor\" data-id=\"4ea5b5b\" data-element_type=\"widget\" data-e-type=\"widget\" data-widget_type=\"text-editor.default\">\n\t\t\t\t<div class=\"elementor-widget-container\">\n\t\t\t\t\t\t\t\t\t<p><strong>Sch\u00f6nes Ambiente f\u00fcr sch\u00f6ne Produkte\u00a0<\/strong><\/p><p>Unser Ausstellungsgeb\u00e4ude ist eine architektonisches Highlight und f\u00fcr Besucher, die \u00fcber die L340 nach Syke kommen, nicht zu \u00fcbersehen. Auf rund 1.000 m2 Ausstellungsfl\u00e4che pr\u00e4sentieren wir \u2013 live zum Anfassen und Ausprobieren \u2013 ausgew\u00e4hlte Beispiele unserer gesamten Produktpalette.<\/p><p>\u00a0<\/p>\t\t\t\t\t\t\t\t<\/div>\n\t\t\t\t<\/div>\n\t\t\t\t\t<\/div>\n\t\t<\/div>\n\t\t\t\t<div class=\"elementor-column elementor-col-50 elementor-top-column elementor-element elementor-element-2749c8e\" data-id=\"2749c8e\" data-element_type=\"column\" data-e-type=\"column\">\n\t\t\t<div class=\"elementor-widget-wrap elementor-element-populated\">\n\t\t\t\t\t\t<div class=\"elementor-element elementor-element-a6a1379 elementor-widget elementor-widget-image\" data-id=\"a6a1379\" data-element_type=\"widget\" data-e-type=\"widget\" data-widget_type=\"image.default\">\n\t\t\t\t<div class=\"elementor-widget-container\">\n\t\t\t\t\t\t\t\t\t\t\t\t\t\t\t<img fetchpriority=\"high\" decoding=\"async\" width=\"1024\" height=\"681\" src=\"https:\/\/kanther-syke.de\/wp-content\/uploads\/2022\/02\/Ausstellung01-1024x681.jpg\" class=\"attachment-large size-large wp-image-2858\" alt=\"\" srcset=\"https:\/\/kanther-syke.de\/wp-content\/uploads\/2022\/02\/Ausstellung01-1024x681.jpg 1024w, https:\/\/kanther-syke.de\/wp-content\/uploads\/2022\/02\/Ausstellung01-300x200.jpg 300w, https:\/\/kanther-syke.de\/wp-content\/uploads\/2022\/02\/Ausstellung01-768x511.jpg 768w, https:\/\/kanther-syke.de\/wp-content\/uploads\/2022\/02\/Ausstellung01-1536x1022.jpg 1536w, https:\/\/kanther-syke.de\/wp-content\/uploads\/2022\/02\/Ausstellung01-2048x1363.jpg 2048w\" sizes=\"(max-width: 1024px) 100vw, 1024px\" \/>\t\t\t\t\t\t\t\t\t\t\t\t\t\t\t<\/div>\n\t\t\t\t<\/div>\n\t\t\t\t\t<\/div>\n\t\t<\/div>\n\t\t\t\t\t<\/div>\n\t\t<\/section>\n\t\t\t\t<section class=\"elementor-section elementor-top-section elementor-element elementor-element-3e3030c elementor-section-boxed elementor-section-height-default elementor-section-height-default\" data-id=\"3e3030c\" data-element_type=\"section\" data-e-type=\"section\">\n\t\t\t\t\t\t<div class=\"elementor-container elementor-column-gap-default\">\n\t\t\t\t\t<div class=\"elementor-column elementor-col-50 elementor-top-column elementor-element elementor-element-ce3f5a9\" data-id=\"ce3f5a9\" data-element_type=\"column\" data-e-type=\"column\">\n\t\t\t<div class=\"elementor-widget-wrap elementor-element-populated\">\n\t\t\t\t\t\t<div class=\"elementor-element elementor-element-6aec80d elementor-widget elementor-widget-image\" data-id=\"6aec80d\" data-element_type=\"widget\" data-e-type=\"widget\" data-widget_type=\"image.default\">\n\t\t\t\t<div class=\"elementor-widget-container\">\n\t\t\t\t\t\t\t\t\t\t\t\t\t\t\t<img decoding=\"async\" width=\"1024\" height=\"681\" src=\"https:\/\/kanther-syke.de\/wp-content\/uploads\/2022\/02\/Ausstellung04-1024x681.jpg\" class=\"attachment-large size-large wp-image-2859\" alt=\"\" srcset=\"https:\/\/kanther-syke.de\/wp-content\/uploads\/2022\/02\/Ausstellung04-1024x681.jpg 1024w, https:\/\/kanther-syke.de\/wp-content\/uploads\/2022\/02\/Ausstellung04-300x200.jpg 300w, https:\/\/kanther-syke.de\/wp-content\/uploads\/2022\/02\/Ausstellung04-768x511.jpg 768w, https:\/\/kanther-syke.de\/wp-content\/uploads\/2022\/02\/Ausstellung04-1536x1022.jpg 1536w, https:\/\/kanther-syke.de\/wp-content\/uploads\/2022\/02\/Ausstellung04-2048x1363.jpg 2048w\" sizes=\"(max-width: 1024px) 100vw, 1024px\" \/>\t\t\t\t\t\t\t\t\t\t\t\t\t\t\t<\/div>\n\t\t\t\t<\/div>\n\t\t\t\t\t<\/div>\n\t\t<\/div>\n\t\t\t\t<div class=\"elementor-column elementor-col-50 elementor-top-column elementor-element elementor-element-48b9fc9\" data-id=\"48b9fc9\" data-element_type=\"column\" data-e-type=\"column\">\n\t\t\t<div class=\"elementor-widget-wrap elementor-element-populated\">\n\t\t\t\t\t\t<div class=\"elementor-element elementor-element-cb49797 elementor-widget elementor-widget-text-editor\" data-id=\"cb49797\" data-element_type=\"widget\" data-e-type=\"widget\" data-widget_type=\"text-editor.default\">\n\t\t\t\t<div class=\"elementor-widget-container\">\n\t\t\t\t\t\t\t\t\t<p><span style=\"color: var( --e-global-color-text ); font-family: var( --e-global-typography-text-font-family ), Sans-serif; font-weight: var( --e-global-typography-text-font-weight ); background-color: var(--nv-site-bg);\">Fenster, T\u00fcren, Terrassend\u00e4cher und Sonnenschutz von verschiedenen Herstellern sowie Produkte aus unserer Manufaktur k\u00f6nnen hier in aller Ruhe besichtigt werden. Auf Wunsch beraten wir Sie kompetent zu allen Fragen und stehen Ihnen bei der Wahl Ihrer individuellen L\u00f6sung <\/span>mit unserer Erfahrung gern zur Seite<\/p>\t\t\t\t\t\t\t\t<\/div>\n\t\t\t\t<\/div>\n\t\t\t\t\t<\/div>\n\t\t<\/div>\n\t\t\t\t\t<\/div>\n\t\t<\/section>\n\t\t\t\t<section class=\"elementor-section elementor-top-section elementor-element elementor-element-b279719 elementor-section-boxed elementor-section-height-default elementor-section-height-default\" data-id=\"b279719\" data-element_type=\"section\" data-e-type=\"section\">\n\t\t\t\t\t\t<div class=\"elementor-container elementor-column-gap-default\">\n\t\t\t\t\t<div class=\"elementor-column elementor-col-50 elementor-top-column elementor-element elementor-element-b2ac126\" data-id=\"b2ac126\" data-element_type=\"column\" data-e-type=\"column\">\n\t\t\t<div class=\"elementor-widget-wrap elementor-element-populated\">\n\t\t\t\t\t\t<div class=\"elementor-element elementor-element-1f89c2e elementor-widget elementor-widget-text-editor\" data-id=\"1f89c2e\" data-element_type=\"widget\" data-e-type=\"widget\" data-widget_type=\"text-editor.default\">\n\t\t\t\t<div class=\"elementor-widget-container\">\n\t\t\t\t\t\t\t\t\t<p><strong>Sonnenschutz nach Ma\u00df<br \/><\/strong><br \/>Sonnenschutz schafft f\u00fcr Terrassen, Balkone und Fenster angenehm k\u00fchlende Beschattung. Sie finden in unserer Ausstellung eine gro\u00dfe Auswahl verschiedenster Markisenarten, Plisseesysteme und Roll\u00e4den, die wir Ihnen gern im Detail vorstellen. W\u00e4hlen Sie mit unserer Hilfe aus verschiedenen Stoffdesigns Ihren Favoriten, der optisch und funktionell den Anforderungen Ihres Zuhauses entspricht.<\/p>\t\t\t\t\t\t\t\t<\/div>\n\t\t\t\t<\/div>\n\t\t\t\t\t<\/div>\n\t\t<\/div>\n\t\t\t\t<div class=\"elementor-column elementor-col-50 elementor-top-column elementor-element elementor-element-31e691a\" data-id=\"31e691a\" data-element_type=\"column\" data-e-type=\"column\">\n\t\t\t<div class=\"elementor-widget-wrap elementor-element-populated\">\n\t\t\t\t\t\t<div class=\"elementor-element elementor-element-06564b5 elementor-widget elementor-widget-image\" data-id=\"06564b5\" data-element_type=\"widget\" data-e-type=\"widget\" data-widget_type=\"image.default\">\n\t\t\t\t<div class=\"elementor-widget-container\">\n\t\t\t\t\t\t\t\t\t\t\t\t\t\t\t<img decoding=\"async\" width=\"1024\" height=\"681\" src=\"https:\/\/kanther-syke.de\/wp-content\/uploads\/2022\/02\/Ausstellung05-1024x681.jpg\" class=\"attachment-large size-large wp-image-2866\" alt=\"\" srcset=\"https:\/\/kanther-syke.de\/wp-content\/uploads\/2022\/02\/Ausstellung05-1024x681.jpg 1024w, https:\/\/kanther-syke.de\/wp-content\/uploads\/2022\/02\/Ausstellung05-300x200.jpg 300w, https:\/\/kanther-syke.de\/wp-content\/uploads\/2022\/02\/Ausstellung05-768x511.jpg 768w, https:\/\/kanther-syke.de\/wp-content\/uploads\/2022\/02\/Ausstellung05-1536x1022.jpg 1536w, https:\/\/kanther-syke.de\/wp-content\/uploads\/2022\/02\/Ausstellung05-2048x1363.jpg 2048w\" sizes=\"(max-width: 1024px) 100vw, 1024px\" \/>\t\t\t\t\t\t\t\t\t\t\t\t\t\t\t<\/div>\n\t\t\t\t<\/div>\n\t\t\t\t\t<\/div>\n\t\t<\/div>\n\t\t\t\t\t<\/div>\n\t\t<\/section>\n\t\t\t\t<section class=\"elementor-section elementor-top-section elementor-element elementor-element-0bc11b2 elementor-section-boxed elementor-section-height-default elementor-section-height-default\" data-id=\"0bc11b2\" data-element_type=\"section\" data-e-type=\"section\">\n\t\t\t\t\t\t<div class=\"elementor-container elementor-column-gap-default\">\n\t\t\t\t\t<div class=\"elementor-column elementor-col-50 elementor-top-column elementor-element elementor-element-6f2a772\" data-id=\"6f2a772\" data-element_type=\"column\" data-e-type=\"column\">\n\t\t\t<div class=\"elementor-widget-wrap elementor-element-populated\">\n\t\t\t\t\t\t<div class=\"elementor-element elementor-element-1927297 elementor-widget elementor-widget-image\" data-id=\"1927297\" data-element_type=\"widget\" data-e-type=\"widget\" data-widget_type=\"image.default\">\n\t\t\t\t<div class=\"elementor-widget-container\">\n\t\t\t\t\t\t\t\t\t\t\t\t\t\t\t<img loading=\"lazy\" decoding=\"async\" width=\"1024\" height=\"681\" src=\"https:\/\/kanther-syke.de\/wp-content\/uploads\/2022\/02\/Ausstellung02-1024x681.jpg\" class=\"attachment-large size-large wp-image-2862\" alt=\"\" srcset=\"https:\/\/kanther-syke.de\/wp-content\/uploads\/2022\/02\/Ausstellung02-1024x681.jpg 1024w, https:\/\/kanther-syke.de\/wp-content\/uploads\/2022\/02\/Ausstellung02-300x200.jpg 300w, https:\/\/kanther-syke.de\/wp-content\/uploads\/2022\/02\/Ausstellung02-768x511.jpg 768w, https:\/\/kanther-syke.de\/wp-content\/uploads\/2022\/02\/Ausstellung02-1536x1022.jpg 1536w, https:\/\/kanther-syke.de\/wp-content\/uploads\/2022\/02\/Ausstellung02-2048x1363.jpg 2048w\" sizes=\"(max-width: 1024px) 100vw, 1024px\" \/>\t\t\t\t\t\t\t\t\t\t\t\t\t\t\t<\/div>\n\t\t\t\t<\/div>\n\t\t\t\t\t<\/div>\n\t\t<\/div>\n\t\t\t\t<div class=\"elementor-column elementor-col-50 elementor-top-column elementor-element elementor-element-d2b0476\" data-id=\"d2b0476\" data-element_type=\"column\" data-e-type=\"column\">\n\t\t\t<div class=\"elementor-widget-wrap elementor-element-populated\">\n\t\t\t\t\t\t<div class=\"elementor-element elementor-element-3df815a elementor-widget elementor-widget-text-editor\" data-id=\"3df815a\" data-element_type=\"widget\" data-e-type=\"widget\" data-widget_type=\"text-editor.default\">\n\t\t\t\t<div class=\"elementor-widget-container\">\n\t\t\t\t\t\t\t\t\t<p><strong>Terrassend\u00e4cher mit Stil<\/strong><\/p><p>F\u00fcr fest installierte Terrassend\u00e4cher bieten wir in unserem Sortiment verschiedene Dachformen wie Integrald\u00e4cher oder Cubes in verschiedenen Ausf\u00fchrungen und Gr\u00f6\u00dfen, die optimalen Schutz vor Wind, Wetter und auch der Sonne bieten.<\/p>\t\t\t\t\t\t\t\t<\/div>\n\t\t\t\t<\/div>\n\t\t\t\t\t<\/div>\n\t\t<\/div>\n\t\t\t\t\t<\/div>\n\t\t<\/section>\n\t\t\t\t<\/div>\n\t\t","protected":false},"excerpt":{"rendered":"<p>Ausstellung Unsere Ausstellung &#8211; Virtuell entdecken In unserer virtuellen Ausstellung pr\u00e4sentieren wir Ihnen eine Vielfalt an Produkten f\u00fchrender Hersteller sowie individuelle L\u00f6sungen aus unserer Manufaktur. Erkunden Sie unser Sortiment ganz bequem von zu Hause aus und lassen Sie sich inspirieren. Ausstellung Manufaktur Sch\u00f6nes Ambiente f\u00fcr sch\u00f6ne Produkte\u00a0 Unser Ausstellungsgeb\u00e4ude ist eine architektonisches Highlight und f\u00fcr&hellip;&nbsp;<a href=\"https:\/\/kanther-syke.de\/?page_id=384\" rel=\"bookmark\">Mehr lesen &raquo;<span class=\"screen-reader-text\">Ausstellung<\/span><\/a><\/p>\n","protected":false},"author":1,"featured_media":0,"parent":0,"menu_order":0,"comment_status":"closed","ping_status":"closed","template":"","meta":{"neve_meta_sidebar":"","neve_meta_container":"","neve_meta_enable_content_width":"","neve_meta_content_width":70,"neve_meta_title_alignment":"","neve_meta_author_avatar":"","neve_post_elements_order":"","neve_meta_disable_header":"","neve_meta_disable_footer":"","neve_meta_disable_title":"on","neve_meta_reading_time":"","_themeisle_gutenberg_block_has_review":false,"footnotes":""},"class_list":["post-384","page","type-page","status-publish","hentry"],"_links":{"self":[{"href":"https:\/\/kanther-syke.de\/index.php?rest_route=\/wp\/v2\/pages\/384","targetHints":{"allow":["GET"]}}],"collection":[{"href":"https:\/\/kanther-syke.de\/index.php?rest_route=\/wp\/v2\/pages"}],"about":[{"href":"https:\/\/kanther-syke.de\/index.php?rest_route=\/wp\/v2\/types\/page"}],"author":[{"embeddable":true,"href":"https:\/\/kanther-syke.de\/index.php?rest_route=\/wp\/v2\/users\/1"}],"replies":[{"embeddable":true,"href":"https:\/\/kanther-syke.de\/index.php?rest_route=%2Fwp%2Fv2%2Fcomments&post=384"}],"version-history":[{"count":68,"href":"https:\/\/kanther-syke.de\/index.php?rest_route=\/wp\/v2\/pages\/384\/revisions"}],"predecessor-version":[{"id":3463,"href":"https:\/\/kanther-syke.de\/index.php?rest_route=\/wp\/v2\/pages\/384\/revisions\/3463"}],"wp:attachment":[{"href":"https:\/\/kanther-syke.de\/index.php?rest_route=%2Fwp%2Fv2%2Fmedia&parent=384"}],"curies":[{"name":"wp","href":"https:\/\/api.w.org\/{rel}","templated":true}]}}