{"id":3330,"date":"2024-01-24T12:09:43","date_gmt":"2024-01-24T11:09:43","guid":{"rendered":"https:\/\/kanther-syke.de\/?page_id=3330"},"modified":"2024-01-24T12:30:15","modified_gmt":"2024-01-24T11:30:15","slug":"bestellung-memory","status":"publish","type":"page","link":"https:\/\/kanther-syke.de\/?page_id=3330","title":{"rendered":"Bestellung Memory"},"content":{"rendered":"\t\t<div data-elementor-type=\"wp-page\" data-elementor-id=\"3330\" class=\"elementor elementor-3330\">\n\t\t\t\t\t\t<section class=\"elementor-section elementor-top-section elementor-element elementor-element-6c7ef3bd elementor-section-boxed elementor-section-height-default elementor-section-height-default\" data-id=\"6c7ef3bd\" data-element_type=\"section\" data-e-type=\"section\">\n\t\t\t\t\t\t<div class=\"elementor-container elementor-column-gap-default\">\n\t\t\t\t\t<div class=\"elementor-column elementor-col-100 elementor-top-column elementor-element elementor-element-1d4726b8\" data-id=\"1d4726b8\" data-element_type=\"column\" data-e-type=\"column\">\n\t\t\t<div class=\"elementor-widget-wrap elementor-element-populated\">\n\t\t\t\t\t\t<div class=\"elementor-element elementor-element-63c95c94 elementor-widget elementor-widget-text-editor\" data-id=\"63c95c94\" data-element_type=\"widget\" data-e-type=\"widget\" data-widget_type=\"text-editor.default\">\n\t\t\t\t<div class=\"elementor-widget-container\">\n\t\t\t\t\t\t\t\t\t<p><\/p>\n<p><img fetchpriority=\"high\" decoding=\"async\" class=\"alignnone wp-image-3292 size-large\" src=\"http:\/\/kanther-syke.de\/wp-content\/uploads\/2024\/01\/Memory-scaled-e1706089455269-1024x437.jpg\" alt=\"\" width=\"1024\" height=\"437\" srcset=\"https:\/\/kanther-syke.de\/wp-content\/uploads\/2024\/01\/Memory-scaled-e1706089455269-1024x437.jpg 1024w, https:\/\/kanther-syke.de\/wp-content\/uploads\/2024\/01\/Memory-scaled-e1706089455269-300x128.jpg 300w, https:\/\/kanther-syke.de\/wp-content\/uploads\/2024\/01\/Memory-scaled-e1706089455269-768x328.jpg 768w, https:\/\/kanther-syke.de\/wp-content\/uploads\/2024\/01\/Memory-scaled-e1706089455269-1536x655.jpg 1536w, https:\/\/kanther-syke.de\/wp-content\/uploads\/2024\/01\/Memory-scaled-e1706089455269-2048x874.jpg 2048w\" sizes=\"(max-width: 1024px) 100vw, 1024px\" \/><span style=\"color: var( --e-global-color-text ); font-family: var( --e-global-typography-text-font-family ), Sans-serif; background-color: var(--nv-site-bg); font-size: var(--bodyfontsize); letter-spacing: var(--bodyletterspacing); text-transform: var(--bodytexttransform);\"><b>E<\/b><\/span><span style=\"color: var( --e-global-color-text ); font-family: var( --e-global-typography-text-font-family ), Sans-serif; background-color: var(--nv-site-bg); font-size: var(--bodyfontsize); letter-spacing: var(--bodyletterspacing); text-transform: var(--bodytexttransform);\"><b>ntdecken Sie unser Memory-Spiel <\/b><\/span><span style=\"color: var( --e-global-color-text ); font-family: var( --e-global-typography-text-font-family ), Sans-serif; font-weight: var( --e-global-typography-text-font-weight ); background-color: var(--nv-site-bg); font-size: var(--bodyfontsize); letter-spacing: var(--bodyletterspacing); text-transform: var(--bodytexttransform);\">\u2013 ein nachhaltiges Vergn\u00fcgen f\u00fcr die ganze Familie! Hergestellt aus umweltfreundlichen Ressourcen, bietet dieses Spiel nicht nur stundenlangen Spa\u00df, sondern setzt auch auf recycelte Materialien und nachhaltige Produktionsmethoden. Die liebevoll gestalteten Holzscheiben versprechen nicht nur qualitativ hochwertiges Spielvergn\u00fcgen, sondern auch eine umweltbewusste Wahl f\u00fcr bewusste Konsumenten. Machen Sie Erinnerungen ohne die Umwelt zu vergessen! Jetzt bei uns erh\u00e4ltlich!<\/span><\/p>\n<p><b><span style=\"color: var( --e-global-color-text ); font-family: var( --e-global-typography-text-font-family ), Sans-serif; background-color: var(--nv-site-bg); font-size: var(--bodyfontsize); letter-spacing: var(--bodyletterspacing); text-transform: var(--bodytexttransform);\">K<\/span><span style=\"color: var( --e-global-color-text ); font-family: var( --e-global-typography-text-font-family ), Sans-serif; background-color: var(--nv-site-bg); font-size: var(--bodyfontsize); letter-spacing: var(--bodyletterspacing); text-transform: var(--bodytexttransform);\">osten pro Spiel 29,50 \u20ac zzgl. 4,95 \u20ac Versand<\/span><\/b><\/p>\n<p><\/p>\n<p><\/p>\t\t\t\t\t\t\t\t<\/div>\n\t\t\t\t<\/div>\n\t\t\t\t\t<\/div>\n\t\t<\/div>\n\t\t\t\t\t<\/div>\n\t\t<\/section>\n\t\t\t\t<section class=\"elementor-section elementor-top-section elementor-element elementor-element-72a4263 elementor-section-boxed elementor-section-height-default elementor-section-height-default\" data-id=\"72a4263\" data-element_type=\"section\" data-e-type=\"section\">\n\t\t\t\t\t\t<div class=\"elementor-container elementor-column-gap-default\">\n\t\t\t\t\t<div class=\"elementor-column elementor-col-100 elementor-top-column elementor-element elementor-element-50a53c9\" data-id=\"50a53c9\" data-element_type=\"column\" data-e-type=\"column\">\n\t\t\t<div class=\"elementor-widget-wrap elementor-element-populated\">\n\t\t\t\t\t\t<div class=\"elementor-element elementor-element-94b9a7b elementor-widget elementor-widget-wpforms\" data-id=\"94b9a7b\" data-element_type=\"widget\" data-e-type=\"widget\" data-widget_type=\"wpforms.default\">\n\t\t\t\t<div class=\"elementor-widget-container\">\n\t\t\t\t\t<div class=\"wpforms-container wpforms-container-full wpforms-block wpforms-block-cfc4e7dc-09ea-4759-a547-5b72771b22a3\" id=\"wpforms-3325\"><form id=\"wpforms-form-3325\" class=\"wpforms-validate wpforms-form\" data-formid=\"3325\" method=\"post\" enctype=\"multipart\/form-data\" action=\"\/index.php?rest_route=%2Fwp%2Fv2%2Fpages%2F3330\" data-token=\"3b644e486c84660d44a2e19948ac411c\" data-token-time=\"1778299123\"><noscript class=\"wpforms-error-noscript\">Bitte aktiviere JavaScript in deinem Browser, um dieses Formular fertigzustellen.<\/noscript><div class=\"wpforms-field-container\"><div id=\"wpforms-3325-field_0-container\" class=\"wpforms-field wpforms-field-name\" data-field-id=\"0\"><label class=\"wpforms-field-label\">Name <span class=\"wpforms-required-label\">*<\/span><\/label><div class=\"wpforms-field-row wpforms-field-medium\"><div class=\"wpforms-field-row-block wpforms-first wpforms-one-half\"><input type=\"text\" id=\"wpforms-3325-field_0\" class=\"wpforms-field-name-first wpforms-field-required\" name=\"wpforms[fields][0][first]\" required><label for=\"wpforms-3325-field_0\" class=\"wpforms-field-sublabel after\">Vorname<\/label><\/div><div class=\"wpforms-field-row-block wpforms-one-half\"><input type=\"text\" id=\"wpforms-3325-field_0-last\" class=\"wpforms-field-name-last wpforms-field-required\" name=\"wpforms[fields][0][last]\" required><label for=\"wpforms-3325-field_0-last\" class=\"wpforms-field-sublabel after\">Nachname<\/label><\/div><\/div><\/div><div id=\"wpforms-3325-field_4-container\" class=\"wpforms-field wpforms-field-text\" data-field-id=\"4\"><label class=\"wpforms-field-label\" for=\"wpforms-3325-field_4\">Anschrift <span class=\"wpforms-required-label\">*<\/span><\/label><input type=\"text\" id=\"wpforms-3325-field_4\" class=\"wpforms-field-medium wpforms-field-required\" name=\"wpforms[fields][4]\" required><\/div><div id=\"wpforms-3325-field_8-container\" class=\"wpforms-field wpforms-field-text\" data-field-id=\"8\"><label class=\"wpforms-field-label\" for=\"wpforms-3325-field_8\">Telefon <span class=\"wpforms-required-label\">*<\/span><\/label><input type=\"text\" id=\"wpforms-3325-field_8\" class=\"wpforms-field-small wpforms-field-required\" name=\"wpforms[fields][8]\" required><\/div><div id=\"wpforms-3325-field_1-container\" class=\"wpforms-field wpforms-field-email\" data-field-id=\"1\"><label class=\"wpforms-field-label\" for=\"wpforms-3325-field_1\">E-Mail <span class=\"wpforms-required-label\">*<\/span><\/label><input type=\"email\" id=\"wpforms-3325-field_1\" class=\"wpforms-field-small wpforms-field-required\" name=\"wpforms[fields][1]\" spellcheck=\"false\" required><\/div><div id=\"wpforms-3325-field_9-container\" class=\"wpforms-field wpforms-field-number\" data-field-id=\"9\"><label class=\"wpforms-field-label\" for=\"wpforms-3325-field_9\">Anzahl Spiele<\/label><input type=\"number\" id=\"wpforms-3325-field_9\" class=\"wpforms-field-small\" name=\"wpforms[fields][9]\" step=\"any\" ><\/div><div id=\"wpforms-3325-field_2-container\" class=\"wpforms-field wpforms-field-textarea\" data-field-id=\"2\"><label class=\"wpforms-field-label\" for=\"wpforms-3325-field_2\">Individuelle Anfrage <span class=\"wpforms-required-label\">*<\/span><\/label><textarea id=\"wpforms-3325-field_2\" class=\"wpforms-field-medium wpforms-field-required\" name=\"wpforms[fields][2]\" required><\/textarea><\/div><\/div><!-- .wpforms-field-container --><div class=\"wpforms-field wpforms-field-hp\"><label for=\"wpforms-3325-field-hp\" class=\"wpforms-field-label\">Comment<\/label><input type=\"text\" name=\"wpforms[hp]\" id=\"wpforms-3325-field-hp\" class=\"wpforms-field-medium\"><\/div><div class=\"wpforms-submit-container\" ><input type=\"hidden\" name=\"wpforms[id]\" value=\"3325\"><input type=\"hidden\" name=\"page_title\" value=\"\"><input type=\"hidden\" name=\"page_url\" value=\"https:\/\/kanther-syke.de\/index.php?rest_route=\/wp\/v2\/pages\/3330\"><input type=\"hidden\" name=\"url_referer\" value=\"\"><button type=\"submit\" name=\"wpforms[submit]\" id=\"wpforms-submit-3325\" class=\"wpforms-submit\" data-alt-text=\"Senden...\" data-submit-text=\"Absenden\" aria-live=\"assertive\" value=\"wpforms-submit\">Absenden<\/button><\/div><\/form><\/div>  <!-- .wpforms-container -->\t\t\t\t<\/div>\n\t\t\t\t<\/div>\n\t\t\t\t\t<\/div>\n\t\t<\/div>\n\t\t\t\t\t<\/div>\n\t\t<\/section>\n\t\t\t\t<\/div>\n\t\t","protected":false},"excerpt":{"rendered":"<p>Entdecken Sie unser Memory-Spiel \u2013 ein nachhaltiges Vergn\u00fcgen f\u00fcr die ganze Familie! Hergestellt aus umweltfreundlichen Ressourcen, bietet dieses Spiel nicht nur stundenlangen Spa\u00df, sondern setzt auch auf recycelte Materialien und nachhaltige Produktionsmethoden. Die liebevoll gestalteten Holzscheiben versprechen nicht nur qualitativ hochwertiges Spielvergn\u00fcgen, sondern auch eine umweltbewusste Wahl f\u00fcr bewusste Konsumenten. Machen Sie Erinnerungen ohne die&hellip;&nbsp;<a href=\"https:\/\/kanther-syke.de\/?page_id=3330\" rel=\"bookmark\">Mehr lesen &raquo;<span class=\"screen-reader-text\">Bestellung Memory<\/span><\/a><\/p>\n","protected":false},"author":1,"featured_media":0,"parent":0,"menu_order":0,"comment_status":"closed","ping_status":"closed","template":"","meta":{"neve_meta_sidebar":"","neve_meta_container":"","neve_meta_enable_content_width":"","neve_meta_content_width":0,"neve_meta_title_alignment":"","neve_meta_author_avatar":"","neve_post_elements_order":"","neve_meta_disable_header":"","neve_meta_disable_footer":"","neve_meta_disable_title":"","neve_meta_reading_time":"","_themeisle_gutenberg_block_has_review":false,"footnotes":""},"class_list":["post-3330","page","type-page","status-publish","hentry"],"_links":{"self":[{"href":"https:\/\/kanther-syke.de\/index.php?rest_route=\/wp\/v2\/pages\/3330","targetHints":{"allow":["GET"]}}],"collection":[{"href":"https:\/\/kanther-syke.de\/index.php?rest_route=\/wp\/v2\/pages"}],"about":[{"href":"https:\/\/kanther-syke.de\/index.php?rest_route=\/wp\/v2\/types\/page"}],"author":[{"embeddable":true,"href":"https:\/\/kanther-syke.de\/index.php?rest_route=\/wp\/v2\/users\/1"}],"replies":[{"embeddable":true,"href":"https:\/\/kanther-syke.de\/index.php?rest_route=%2Fwp%2Fv2%2Fcomments&post=3330"}],"version-history":[{"count":16,"href":"https:\/\/kanther-syke.de\/index.php?rest_route=\/wp\/v2\/pages\/3330\/revisions"}],"predecessor-version":[{"id":3351,"href":"https:\/\/kanther-syke.de\/index.php?rest_route=\/wp\/v2\/pages\/3330\/revisions\/3351"}],"wp:attachment":[{"href":"https:\/\/kanther-syke.de\/index.php?rest_route=%2Fwp%2Fv2%2Fmedia&parent=3330"}],"curies":[{"name":"wp","href":"https:\/\/api.w.org\/{rel}","templated":true}]}}