{"id":2789,"date":"2022-02-22T09:47:26","date_gmt":"2022-02-22T08:47:26","guid":{"rendered":"https:\/\/kanther-syke.de\/?page_id=2789"},"modified":"2024-08-19T13:33:46","modified_gmt":"2024-08-19T11:33:46","slug":"unsere-broschuere","status":"publish","type":"page","link":"https:\/\/kanther-syke.de\/?page_id=2789","title":{"rendered":"Unsere Brosch\u00fcre"},"content":{"rendered":"\t\t<div data-elementor-type=\"wp-page\" data-elementor-id=\"2789\" class=\"elementor elementor-2789\">\n\t\t\t\t\t\t<section class=\"elementor-section elementor-top-section elementor-element elementor-element-b4be4d1 elementor-section-boxed elementor-section-height-default elementor-section-height-default\" data-id=\"b4be4d1\" data-element_type=\"section\" data-e-type=\"section\">\n\t\t\t\t\t\t<div class=\"elementor-container elementor-column-gap-default\">\n\t\t\t\t\t<div class=\"elementor-column elementor-col-100 elementor-top-column elementor-element elementor-element-ca00e55\" data-id=\"ca00e55\" data-element_type=\"column\" data-e-type=\"column\">\n\t\t\t<div class=\"elementor-widget-wrap elementor-element-populated\">\n\t\t\t\t\t\t<div class=\"elementor-element elementor-element-ec9d6b2 elementor-widget elementor-widget-text-editor\" data-id=\"ec9d6b2\" data-element_type=\"widget\" data-e-type=\"widget\" data-widget_type=\"text-editor.default\">\n\t\t\t\t<div class=\"elementor-widget-container\">\n\t\t\t\t\t\t\t\t\t<h2>Unsere Brosch\u00fcre<\/h2><hr \/>\t\t\t\t\t\t\t\t<\/div>\n\t\t\t\t<\/div>\n\t\t\t\t\t<\/div>\n\t\t<\/div>\n\t\t\t\t\t<\/div>\n\t\t<\/section>\n\t\t\t\t<section class=\"elementor-section elementor-top-section elementor-element elementor-element-78d354d elementor-section-boxed elementor-section-height-default elementor-section-height-default\" data-id=\"78d354d\" data-element_type=\"section\" data-e-type=\"section\">\n\t\t\t\t\t\t<div class=\"elementor-container elementor-column-gap-default\">\n\t\t\t\t\t<div class=\"elementor-column elementor-col-50 elementor-top-column elementor-element elementor-element-f9df98e\" data-id=\"f9df98e\" data-element_type=\"column\" data-e-type=\"column\">\n\t\t\t<div class=\"elementor-widget-wrap elementor-element-populated\">\n\t\t\t\t\t\t<div class=\"elementor-element elementor-element-2f71595 elementor-widget elementor-widget-text-editor\" data-id=\"2f71595\" data-element_type=\"widget\" data-e-type=\"widget\" data-widget_type=\"text-editor.default\">\n\t\t\t\t<div class=\"elementor-widget-container\">\n\t\t\t\t\t\t\t\t\t<h4 class=\"id-Article-headline \">\u00a0Bl\u00e4ttern Sie in unserer brosch\u00fcre<\/h4><hr \/><p class=\"id-Article-headline \">Eine Syker Erfolgsgeschichte Seit 1993, als <strong>Frank Kanther<\/strong> im Alter von 22 Jahren als Tischlergeselle die Leitung des Unternehmens \u00fcbernahm, nimmt unsere Erfolgsgeschichte Ihren Lauf. Aus der \u201eZwei-Mann-Meister-Eder-Bude\u201c ist in drei Jahrzehnten ein mittelst\u00e4ndisches Unternehmen gewachsen, das mittlerweile rund 45 Mitarbeiter besch\u00e4ftigt. Mit au\u00dfergew\u00f6hnlichem Engagement, Kreativit\u00e4t und unternehmerischem Weitblick hat Frank Kanther \u2013 zusammen mit seiner Frau Susanne \u2013 die heutige Kanther Tischlerei Fenster T\u00fcren GmbH geschaffen, die als renommierter Partner f\u00fcr Kunden aus der Region und dar\u00fcber hinaus bekannt ist.<\/p>\t\t\t\t\t\t\t\t<\/div>\n\t\t\t\t<\/div>\n\t\t\t\t\t<\/div>\n\t\t<\/div>\n\t\t\t\t<div class=\"elementor-column elementor-col-50 elementor-top-column elementor-element elementor-element-75ee7d7\" data-id=\"75ee7d7\" data-element_type=\"column\" data-e-type=\"column\">\n\t\t\t<div class=\"elementor-widget-wrap elementor-element-populated\">\n\t\t\t\t\t\t<div class=\"elementor-element elementor-element-c56606d elementor-widget elementor-widget-text-editor\" data-id=\"c56606d\" data-element_type=\"widget\" data-e-type=\"widget\" data-widget_type=\"text-editor.default\">\n\t\t\t\t<div class=\"elementor-widget-container\">\n\t\t\t\t\t\t\t\t\t<h4 style=\"text-align: center;\"><strong>PDF Download<\/strong><a href=\"http:\/\/kanther-syke.de\/wp-content\/uploads\/2022\/02\/Kanther_Tischlerei_Fenster_und_Tueren_GmbH.pdf\" target=\"_blank\" rel=\"noopener\"><strong><br \/><\/strong><\/a><a style=\"font-family: var( --e-global-typography-text-font-family ), Sans-serif; font-weight: var( --e-global-typography-text-font-weight ); background-color: var(--nv-site-bg); font-size: 15px;\" href=\"http:\/\/kanther-syke.de\/wp-content\/uploads\/2022\/02\/Kanther_Tischlerei_Fenster_und_Tueren_GmbH.pdf\" target=\"_blank\" rel=\"noopener\"><img decoding=\"async\" class=\"alignnone wp-image-2776\" src=\"http:\/\/kanther-syke.de\/wp-content\/uploads\/2022\/02\/frontpage-flip.jpg\" alt=\"\" width=\"120\" height=\"85\" srcset=\"https:\/\/kanther-syke.de\/wp-content\/uploads\/2022\/02\/frontpage-flip.jpg 400w, https:\/\/kanther-syke.de\/wp-content\/uploads\/2022\/02\/frontpage-flip-300x212.jpg 300w\" sizes=\"(max-width: 120px) 100vw, 120px\" \/><\/a><\/h4>\t\t\t\t\t\t\t\t<\/div>\n\t\t\t\t<\/div>\n\t\t\t\t\t<\/div>\n\t\t<\/div>\n\t\t\t\t\t<\/div>\n\t\t<\/section>\n\t\t\t\t<section class=\"elementor-section elementor-top-section elementor-element elementor-element-de28357 elementor-section-boxed elementor-section-height-default elementor-section-height-default\" data-id=\"de28357\" data-element_type=\"section\" data-e-type=\"section\">\n\t\t\t\t\t\t<div class=\"elementor-container elementor-column-gap-default\">\n\t\t\t\t\t<div class=\"elementor-column elementor-col-100 elementor-top-column elementor-element elementor-element-25a37ad\" data-id=\"25a37ad\" data-element_type=\"column\" data-e-type=\"column\">\n\t\t\t<div class=\"elementor-widget-wrap elementor-element-populated\">\n\t\t\t\t\t\t<div class=\"elementor-element elementor-element-5daf228 elementor-widget elementor-widget-text-editor\" data-id=\"5daf228\" data-element_type=\"widget\" data-e-type=\"widget\" data-widget_type=\"text-editor.default\">\n\t\t\t\t<div class=\"elementor-widget-container\">\n\t\t\t\t\t\t\t\t\t<a href=\"https:\/\/kanther-syke.de\/wp-content\/uploads\/2022\/02\/Kanther_Tischlerei_Fenster_und_Tueren_GmbH.pdf\" class=\"pdfemb-viewer\" style=\"\" data-width=\"max\" data-height=\"max\" data-toolbar=\"bottom\" data-toolbar-fixed=\"on\">Kanther_Tischlerei_Fenster_und_Tueren_GmbH<\/a>\t\t\t\t\t\t\t\t<\/div>\n\t\t\t\t<\/div>\n\t\t\t\t\t<\/div>\n\t\t<\/div>\n\t\t\t\t\t<\/div>\n\t\t<\/section>\n\t\t\t\t<\/div>\n\t\t","protected":false},"excerpt":{"rendered":"<p>Unsere Brosch\u00fcre \u00a0Bl\u00e4ttern Sie in unserer brosch\u00fcre Eine Syker Erfolgsgeschichte Seit 1993, als Frank Kanther im Alter von 22 Jahren als Tischlergeselle die Leitung des Unternehmens \u00fcbernahm, nimmt unsere Erfolgsgeschichte Ihren Lauf. Aus der \u201eZwei-Mann-Meister-Eder-Bude\u201c ist in drei Jahrzehnten ein mittelst\u00e4ndisches Unternehmen gewachsen, das mittlerweile rund 45 Mitarbeiter besch\u00e4ftigt. Mit au\u00dfergew\u00f6hnlichem Engagement, Kreativit\u00e4t und unternehmerischem&hellip;&nbsp;<a href=\"https:\/\/kanther-syke.de\/?page_id=2789\" rel=\"bookmark\">Mehr lesen &raquo;<span class=\"screen-reader-text\">Unsere Brosch\u00fcre<\/span><\/a><\/p>\n","protected":false},"author":1,"featured_media":0,"parent":346,"menu_order":0,"comment_status":"closed","ping_status":"closed","template":"","meta":{"neve_meta_sidebar":"full-width","neve_meta_container":"","neve_meta_enable_content_width":"on","neve_meta_content_width":100,"neve_meta_title_alignment":"","neve_meta_author_avatar":"","neve_post_elements_order":"","neve_meta_disable_header":"","neve_meta_disable_footer":"","neve_meta_disable_title":"on","neve_meta_reading_time":"","_themeisle_gutenberg_block_has_review":false,"footnotes":""},"class_list":["post-2789","page","type-page","status-publish","hentry"],"_links":{"self":[{"href":"https:\/\/kanther-syke.de\/index.php?rest_route=\/wp\/v2\/pages\/2789","targetHints":{"allow":["GET"]}}],"collection":[{"href":"https:\/\/kanther-syke.de\/index.php?rest_route=\/wp\/v2\/pages"}],"about":[{"href":"https:\/\/kanther-syke.de\/index.php?rest_route=\/wp\/v2\/types\/page"}],"author":[{"embeddable":true,"href":"https:\/\/kanther-syke.de\/index.php?rest_route=\/wp\/v2\/users\/1"}],"replies":[{"embeddable":true,"href":"https:\/\/kanther-syke.de\/index.php?rest_route=%2Fwp%2Fv2%2Fcomments&post=2789"}],"version-history":[{"count":71,"href":"https:\/\/kanther-syke.de\/index.php?rest_route=\/wp\/v2\/pages\/2789\/revisions"}],"predecessor-version":[{"id":3393,"href":"https:\/\/kanther-syke.de\/index.php?rest_route=\/wp\/v2\/pages\/2789\/revisions\/3393"}],"up":[{"embeddable":true,"href":"https:\/\/kanther-syke.de\/index.php?rest_route=\/wp\/v2\/pages\/346"}],"wp:attachment":[{"href":"https:\/\/kanther-syke.de\/index.php?rest_route=%2Fwp%2Fv2%2Fmedia&parent=2789"}],"curies":[{"name":"wp","href":"https:\/\/api.w.org\/{rel}","templated":true}]}}