{"id":2628,"date":"2021-05-28T07:22:23","date_gmt":"2021-05-28T05:22:23","guid":{"rendered":"http:\/\/kanther-syke.de\/?page_id=2628"},"modified":"2021-05-28T10:32:31","modified_gmt":"2021-05-28T08:32:31","slug":"fensterlaeden","status":"publish","type":"page","link":"https:\/\/kanther-syke.de\/?page_id=2628","title":{"rendered":"Fensterl\u00e4den"},"content":{"rendered":"\t\t<div data-elementor-type=\"wp-page\" data-elementor-id=\"2628\" class=\"elementor elementor-2628\">\n\t\t\t\t\t\t<section class=\"elementor-section elementor-top-section elementor-element elementor-element-fd25b21 elementor-section-boxed elementor-section-height-default elementor-section-height-default\" data-id=\"fd25b21\" data-element_type=\"section\" data-e-type=\"section\">\n\t\t\t\t\t\t<div class=\"elementor-container elementor-column-gap-default\">\n\t\t\t\t\t<div class=\"elementor-column elementor-col-100 elementor-top-column elementor-element elementor-element-246bcfd\" data-id=\"246bcfd\" data-element_type=\"column\" data-e-type=\"column\">\n\t\t\t<div class=\"elementor-widget-wrap elementor-element-populated\">\n\t\t\t\t\t\t<div class=\"elementor-element elementor-element-f7cc1c5 elementor-widget elementor-widget-text-editor\" data-id=\"f7cc1c5\" data-element_type=\"widget\" data-e-type=\"widget\" data-widget_type=\"text-editor.default\">\n\t\t\t\t<div class=\"elementor-widget-container\">\n\t\t\t\t\t\t\t\t\t<h2>Fensterl\u00e4den<\/h2><hr \/>\t\t\t\t\t\t\t\t<\/div>\n\t\t\t\t<\/div>\n\t\t\t\t\t<\/div>\n\t\t<\/div>\n\t\t\t\t\t<\/div>\n\t\t<\/section>\n\t\t\t\t<section class=\"elementor-section elementor-top-section elementor-element elementor-element-9a1acf1 elementor-section-boxed elementor-section-height-default elementor-section-height-default\" data-id=\"9a1acf1\" data-element_type=\"section\" data-e-type=\"section\">\n\t\t\t\t\t\t<div class=\"elementor-container elementor-column-gap-default\">\n\t\t\t\t\t<div class=\"elementor-column elementor-col-100 elementor-top-column elementor-element elementor-element-8b7eccf\" data-id=\"8b7eccf\" data-element_type=\"column\" data-e-type=\"column\">\n\t\t\t<div class=\"elementor-widget-wrap elementor-element-populated\">\n\t\t\t\t\t\t<div class=\"elementor-element elementor-element-94d6e30 elementor-widget elementor-widget-spacer\" data-id=\"94d6e30\" data-element_type=\"widget\" data-e-type=\"widget\" data-widget_type=\"spacer.default\">\n\t\t\t\t<div class=\"elementor-widget-container\">\n\t\t\t\t\t\t\t<div class=\"elementor-spacer\">\n\t\t\t<div class=\"elementor-spacer-inner\"><\/div>\n\t\t<\/div>\n\t\t\t\t\t\t<\/div>\n\t\t\t\t<\/div>\n\t\t\t\t\t<\/div>\n\t\t<\/div>\n\t\t\t\t\t<\/div>\n\t\t<\/section>\n\t\t\t\t<section class=\"elementor-section elementor-top-section elementor-element elementor-element-9ce6300 elementor-section-boxed elementor-section-height-default elementor-section-height-default\" data-id=\"9ce6300\" data-element_type=\"section\" data-e-type=\"section\">\n\t\t\t\t\t\t<div class=\"elementor-container elementor-column-gap-default\">\n\t\t\t\t\t<div class=\"elementor-column elementor-col-50 elementor-top-column elementor-element elementor-element-1b9fe79\" data-id=\"1b9fe79\" data-element_type=\"column\" data-e-type=\"column\">\n\t\t\t<div class=\"elementor-widget-wrap elementor-element-populated\">\n\t\t\t\t\t\t<div class=\"elementor-element elementor-element-96645ad elementor-widget elementor-widget-image\" data-id=\"96645ad\" data-element_type=\"widget\" data-e-type=\"widget\" data-widget_type=\"image.default\">\n\t\t\t\t<div class=\"elementor-widget-container\">\n\t\t\t\t\t\t\t\t\t\t\t\t\t\t\t<img decoding=\"async\" width=\"259\" height=\"60\" src=\"https:\/\/kanther-syke.de\/wp-content\/uploads\/2021\/05\/Ehret.png\" class=\"attachment-large size-large wp-image-2685\" alt=\"\" \/>\t\t\t\t\t\t\t\t\t\t\t\t\t\t\t<\/div>\n\t\t\t\t<\/div>\n\t\t\t\t\t<\/div>\n\t\t<\/div>\n\t\t\t\t<div class=\"elementor-column elementor-col-50 elementor-top-column elementor-element elementor-element-78d569f\" data-id=\"78d569f\" data-element_type=\"column\" data-e-type=\"column\">\n\t\t\t<div class=\"elementor-widget-wrap elementor-element-populated\">\n\t\t\t\t\t\t<div class=\"elementor-element elementor-element-8345c9c elementor-widget elementor-widget-text-editor\" data-id=\"8345c9c\" data-element_type=\"widget\" data-e-type=\"widget\" data-widget_type=\"text-editor.default\">\n\t\t\t\t<div class=\"elementor-widget-container\">\n\t\t\t\t\t\t\t\t\t<h4 style=\"letter-spacing: normal; font-family: Playfair Display SC, var(--nv-fallback-ff);\">Vielf\u00e4ltigkeit in Rahmen und F\u00fcllungen<\/h4><div class=\"field field--name-field-intro-text\"><p>EHRET produziert nach Ihren W\u00fcnschen Sonnen- und Wetterschutz aus Aluminium. Zur Auswahl stehen \u00fcber 400 Modelle.\u00a0S\u00e4mtliche Klapp-, Schiebe-, und Faltschiebel\u00e4den bestehen aus einem Rahmenprofil in dem die F\u00fcllelemente fixiert sind. Je nach Kombination dieser beiden Elemente bekommt das Produkt eine andere Optik<\/p><\/div>\t\t\t\t\t\t\t\t<\/div>\n\t\t\t\t<\/div>\n\t\t\t\t\t<\/div>\n\t\t<\/div>\n\t\t\t\t\t<\/div>\n\t\t<\/section>\n\t\t\t\t<section class=\"elementor-section elementor-top-section elementor-element elementor-element-dcfe0eb elementor-section-boxed elementor-section-height-default elementor-section-height-default\" data-id=\"dcfe0eb\" data-element_type=\"section\" data-e-type=\"section\">\n\t\t\t\t\t\t<div class=\"elementor-container elementor-column-gap-default\">\n\t\t\t\t\t<div class=\"elementor-column elementor-col-100 elementor-top-column elementor-element elementor-element-f48ced2\" data-id=\"f48ced2\" data-element_type=\"column\" data-e-type=\"column\">\n\t\t\t<div class=\"elementor-widget-wrap elementor-element-populated\">\n\t\t\t\t\t\t<div class=\"elementor-element elementor-element-f0a1cdb elementor-widget elementor-widget-accordion\" data-id=\"f0a1cdb\" data-element_type=\"widget\" data-e-type=\"widget\" data-settings=\"{&quot;_animation&quot;:&quot;none&quot;}\" data-widget_type=\"accordion.default\">\n\t\t\t\t<div class=\"elementor-widget-container\">\n\t\t\t\t\t\t\t<div class=\"elementor-accordion\">\n\t\t\t\t\t\t\t<div class=\"elementor-accordion-item\">\n\t\t\t\t\t<h3 id=\"elementor-tab-title-2521\" class=\"elementor-tab-title\" data-tab=\"1\" role=\"button\" aria-controls=\"elementor-tab-content-2521\" aria-expanded=\"false\">\n\t\t\t\t\t\t\t\t\t\t\t\t\t<span class=\"elementor-accordion-icon elementor-accordion-icon-left\" aria-hidden=\"true\">\n\t\t\t\t\t\t\t\t\t\t\t\t\t\t\t<span class=\"elementor-accordion-icon-closed\"><i class=\"fas fa-chevron-circle-down\"><\/i><\/span>\n\t\t\t\t\t\t\t\t<span class=\"elementor-accordion-icon-opened\"><i class=\"fas fa-chevron-up\"><\/i><\/span>\n\t\t\t\t\t\t\t\t\t\t\t\t\t\t<\/span>\n\t\t\t\t\t\t\t\t\t\t\t\t<a class=\"elementor-accordion-title\" tabindex=\"0\">Klappl\u00e4den  Klassisch und funktional<\/a>\n\t\t\t\t\t<\/h3>\n\t\t\t\t\t<div id=\"elementor-tab-content-2521\" class=\"elementor-tab-content elementor-clearfix\" data-tab=\"1\" role=\"region\" aria-labelledby=\"elementor-tab-title-2521\"><p><strong>EHRET<\/strong> Klappl\u00e4den aus Aluminium setzen Akzente und sorgen f\u00fcr ein geschmackvolles Erscheinungsbild im Einklang mit der Architektur.<\/p><p>Dank der vielseitigen Auswahl an Modellen und Farben, erh\u00e4lt jedes\u00a0Geb\u00e4ude mit Klappl\u00e4den einen einzigartigen Charakter. Gleichzeitig f\u00fcgen sich die Klappl\u00e4den harmonisch in jedes Ortsbild ein.<\/p><\/div>\n\t\t\t\t<\/div>\n\t\t\t\t\t\t\t<div class=\"elementor-accordion-item\">\n\t\t\t\t\t<h3 id=\"elementor-tab-title-2522\" class=\"elementor-tab-title\" data-tab=\"2\" role=\"button\" aria-controls=\"elementor-tab-content-2522\" aria-expanded=\"false\">\n\t\t\t\t\t\t\t\t\t\t\t\t\t<span class=\"elementor-accordion-icon elementor-accordion-icon-left\" aria-hidden=\"true\">\n\t\t\t\t\t\t\t\t\t\t\t\t\t\t\t<span class=\"elementor-accordion-icon-closed\"><i class=\"fas fa-chevron-circle-down\"><\/i><\/span>\n\t\t\t\t\t\t\t\t<span class=\"elementor-accordion-icon-opened\"><i class=\"fas fa-chevron-up\"><\/i><\/span>\n\t\t\t\t\t\t\t\t\t\t\t\t\t\t<\/span>\n\t\t\t\t\t\t\t\t\t\t\t\t<a class=\"elementor-accordion-title\" tabindex=\"0\">Schiebel\u00e4den Modern und innovativ<\/a>\n\t\t\t\t\t<\/h3>\n\t\t\t\t\t<div id=\"elementor-tab-content-2522\" class=\"elementor-tab-content elementor-clearfix\" data-tab=\"2\" role=\"region\" aria-labelledby=\"elementor-tab-title-2522\"><p><strong>EHRET<\/strong> Schiebel\u00e4den aus Aluminium gibt es\u00a0mit verschiedensten F\u00fcllungen. W\u00e4hlen Sie zwischen fest im Rahmen eingebauten Lamellen in unterschiedlichen Formen und Gr\u00f6\u00dfen,\u00a0beweglichen Lamellen oder komplett geschlossenen Ausf\u00fchrungen.\u00a0Wenn Sie Ihre Schiebel\u00e4den noch individueller gestalten m\u00f6chten, entscheiden Sie sich f\u00fcr eine Sonderf\u00fcllung.\u00a0Ob Streckmetall, Echtholz-Lamellen oder Stofff\u00fcllungen,\u00a0Ihren W\u00fcnschen sind keine Grenzen gesetzt. Entdecken Sie hier das passende Modell.<\/p><\/div>\n\t\t\t\t<\/div>\n\t\t\t\t\t\t\t<div class=\"elementor-accordion-item\">\n\t\t\t\t\t<h3 id=\"elementor-tab-title-2523\" class=\"elementor-tab-title\" data-tab=\"3\" role=\"button\" aria-controls=\"elementor-tab-content-2523\" aria-expanded=\"false\">\n\t\t\t\t\t\t\t\t\t\t\t\t\t<span class=\"elementor-accordion-icon elementor-accordion-icon-left\" aria-hidden=\"true\">\n\t\t\t\t\t\t\t\t\t\t\t\t\t\t\t<span class=\"elementor-accordion-icon-closed\"><i class=\"fas fa-chevron-circle-down\"><\/i><\/span>\n\t\t\t\t\t\t\t\t<span class=\"elementor-accordion-icon-opened\"><i class=\"fas fa-chevron-up\"><\/i><\/span>\n\t\t\t\t\t\t\t\t\t\t\t\t\t\t<\/span>\n\t\t\t\t\t\t\t\t\t\t\t\t<a class=\"elementor-accordion-title\" tabindex=\"0\">Faltschiebel\u00e4den Raffiniert und platzsparend<\/a>\n\t\t\t\t\t<\/h3>\n\t\t\t\t\t<div id=\"elementor-tab-content-2523\" class=\"elementor-tab-content elementor-clearfix\" data-tab=\"3\" role=\"region\" aria-labelledby=\"elementor-tab-title-2523\"><p><strong>EHRET<\/strong> Faltschiebel\u00e4den aus Aluminium erm\u00f6glichen eine innovative Fassadengestaltung. Sie werden wie eine Ziehharmonika ohne gro\u00dfen \u00d6ffnungsradius ge\u00f6ffnet und geschlossen und sind daher besonders platzsparend.<\/p><\/div>\n\t\t\t\t<\/div>\n\t\t\t\t\t\t\t<div class=\"elementor-accordion-item\">\n\t\t\t\t\t<h3 id=\"elementor-tab-title-2524\" class=\"elementor-tab-title\" data-tab=\"4\" role=\"button\" aria-controls=\"elementor-tab-content-2524\" aria-expanded=\"false\">\n\t\t\t\t\t\t\t\t\t\t\t\t\t<span class=\"elementor-accordion-icon elementor-accordion-icon-left\" aria-hidden=\"true\">\n\t\t\t\t\t\t\t\t\t\t\t\t\t\t\t<span class=\"elementor-accordion-icon-closed\"><i class=\"fas fa-chevron-circle-down\"><\/i><\/span>\n\t\t\t\t\t\t\t\t<span class=\"elementor-accordion-icon-opened\"><i class=\"fas fa-chevron-up\"><\/i><\/span>\n\t\t\t\t\t\t\t\t\t\t\t\t\t\t<\/span>\n\t\t\t\t\t\t\t\t\t\t\t\t<a class=\"elementor-accordion-title\" tabindex=\"0\">Faltsysteme Vielseitig und praktisch<\/a>\n\t\t\t\t\t<\/h3>\n\t\t\t\t\t<div id=\"elementor-tab-content-2524\" class=\"elementor-tab-content elementor-clearfix\" data-tab=\"4\" role=\"region\" aria-labelledby=\"elementor-tab-title-2524\"><p>Die flache Konstruktionsweise macht die Modelle PROVENCE und PERSIENNE zu einem markanten Gestaltungselement. Dank der gro\u00dfen Farbauswahl erh\u00e4lt jedes Objekt seine individuelle Note.<\/p><p>Im ge\u00f6ffneten Zustand falten sich die Lamellen diskret in der Laibung. Im geschlossenen Zustand bieten die Faltl\u00e4den perfekte Bel\u00fcftungsm\u00f6glichkeite<\/p><\/div>\n\t\t\t\t<\/div>\n\t\t\t\t\t\t\t\t<\/div>\n\t\t\t\t\t\t<\/div>\n\t\t\t\t<\/div>\n\t\t\t\t\t<\/div>\n\t\t<\/div>\n\t\t\t\t\t<\/div>\n\t\t<\/section>\n\t\t\t\t<section class=\"elementor-section elementor-top-section elementor-element elementor-element-ec46064 elementor-section-boxed elementor-section-height-default elementor-section-height-default\" data-id=\"ec46064\" data-element_type=\"section\" data-e-type=\"section\">\n\t\t\t\t\t\t<div class=\"elementor-container elementor-column-gap-default\">\n\t\t\t\t\t<div class=\"elementor-column elementor-col-50 elementor-top-column elementor-element elementor-element-f99d3b0\" data-id=\"f99d3b0\" data-element_type=\"column\" data-e-type=\"column\">\n\t\t\t<div class=\"elementor-widget-wrap elementor-element-populated\">\n\t\t\t\t\t\t<div class=\"elementor-element elementor-element-06626fd elementor-widget elementor-widget-image\" data-id=\"06626fd\" data-element_type=\"widget\" data-e-type=\"widget\" data-widget_type=\"image.default\">\n\t\t\t\t<div class=\"elementor-widget-container\">\n\t\t\t\t\t\t\t\t\t\t\t\t<figure class=\"wp-caption\">\n\t\t\t\t\t\t\t\t\t\t<img fetchpriority=\"high\" decoding=\"async\" width=\"1024\" height=\"768\" src=\"https:\/\/kanther-syke.de\/wp-content\/uploads\/2021\/05\/Klapplaeden-1024x768.jpg\" class=\"attachment-large size-large wp-image-2669\" alt=\"\" srcset=\"https:\/\/kanther-syke.de\/wp-content\/uploads\/2021\/05\/Klapplaeden-1024x768.jpg 1024w, https:\/\/kanther-syke.de\/wp-content\/uploads\/2021\/05\/Klapplaeden-300x225.jpg 300w, https:\/\/kanther-syke.de\/wp-content\/uploads\/2021\/05\/Klapplaeden-768x576.jpg 768w, https:\/\/kanther-syke.de\/wp-content\/uploads\/2021\/05\/Klapplaeden-1536x1152.jpg 1536w, https:\/\/kanther-syke.de\/wp-content\/uploads\/2021\/05\/Klapplaeden.jpg 1600w\" sizes=\"(max-width: 1024px) 100vw, 1024px\" \/>\t\t\t\t\t\t\t\t\t\t\t<figcaption class=\"widget-image-caption wp-caption-text\">Klappl\u00e4den<\/figcaption>\n\t\t\t\t\t\t\t\t\t\t<\/figure>\n\t\t\t\t\t\t\t\t\t<\/div>\n\t\t\t\t<\/div>\n\t\t\t\t\t<\/div>\n\t\t<\/div>\n\t\t\t\t<div class=\"elementor-column elementor-col-50 elementor-top-column elementor-element elementor-element-bb100d5\" data-id=\"bb100d5\" data-element_type=\"column\" data-e-type=\"column\">\n\t\t\t<div class=\"elementor-widget-wrap elementor-element-populated\">\n\t\t\t\t\t\t<div class=\"elementor-element elementor-element-7e50dda elementor-widget elementor-widget-image\" data-id=\"7e50dda\" data-element_type=\"widget\" data-e-type=\"widget\" data-widget_type=\"image.default\">\n\t\t\t\t<div class=\"elementor-widget-container\">\n\t\t\t\t\t\t\t\t\t\t\t\t<figure class=\"wp-caption\">\n\t\t\t\t\t\t\t\t\t\t<img decoding=\"async\" width=\"1024\" height=\"768\" src=\"https:\/\/kanther-syke.de\/wp-content\/uploads\/2021\/05\/schiebelaeden-1024x768.jpg\" class=\"attachment-large size-large wp-image-2668\" alt=\"\" srcset=\"https:\/\/kanther-syke.de\/wp-content\/uploads\/2021\/05\/schiebelaeden-1024x768.jpg 1024w, https:\/\/kanther-syke.de\/wp-content\/uploads\/2021\/05\/schiebelaeden-300x225.jpg 300w, https:\/\/kanther-syke.de\/wp-content\/uploads\/2021\/05\/schiebelaeden-768x576.jpg 768w, https:\/\/kanther-syke.de\/wp-content\/uploads\/2021\/05\/schiebelaeden-1536x1152.jpg 1536w, https:\/\/kanther-syke.de\/wp-content\/uploads\/2021\/05\/schiebelaeden.jpg 1600w\" sizes=\"(max-width: 1024px) 100vw, 1024px\" \/>\t\t\t\t\t\t\t\t\t\t\t<figcaption class=\"widget-image-caption wp-caption-text\">Schiebel\u00e4den<\/figcaption>\n\t\t\t\t\t\t\t\t\t\t<\/figure>\n\t\t\t\t\t\t\t\t\t<\/div>\n\t\t\t\t<\/div>\n\t\t\t\t\t<\/div>\n\t\t<\/div>\n\t\t\t\t\t<\/div>\n\t\t<\/section>\n\t\t\t\t<section class=\"elementor-section elementor-top-section elementor-element elementor-element-c36eb10 elementor-section-boxed elementor-section-height-default elementor-section-height-default\" data-id=\"c36eb10\" data-element_type=\"section\" data-e-type=\"section\">\n\t\t\t\t\t\t<div class=\"elementor-container elementor-column-gap-default\">\n\t\t\t\t\t<div class=\"elementor-column elementor-col-50 elementor-top-column elementor-element elementor-element-02a0def\" data-id=\"02a0def\" data-element_type=\"column\" data-e-type=\"column\">\n\t\t\t<div class=\"elementor-widget-wrap elementor-element-populated\">\n\t\t\t\t\t\t<div class=\"elementor-element elementor-element-0f5b724 elementor-widget elementor-widget-image\" data-id=\"0f5b724\" data-element_type=\"widget\" data-e-type=\"widget\" data-widget_type=\"image.default\">\n\t\t\t\t<div class=\"elementor-widget-container\">\n\t\t\t\t\t\t\t\t\t\t\t\t<figure class=\"wp-caption\">\n\t\t\t\t\t\t\t\t\t\t<img loading=\"lazy\" decoding=\"async\" width=\"1024\" height=\"768\" src=\"https:\/\/kanther-syke.de\/wp-content\/uploads\/2021\/05\/faltschiebelaeden-1024x768.jpg\" class=\"attachment-large size-large wp-image-2667\" alt=\"\" srcset=\"https:\/\/kanther-syke.de\/wp-content\/uploads\/2021\/05\/faltschiebelaeden-1024x768.jpg 1024w, https:\/\/kanther-syke.de\/wp-content\/uploads\/2021\/05\/faltschiebelaeden-300x225.jpg 300w, https:\/\/kanther-syke.de\/wp-content\/uploads\/2021\/05\/faltschiebelaeden-768x576.jpg 768w, https:\/\/kanther-syke.de\/wp-content\/uploads\/2021\/05\/faltschiebelaeden-1536x1152.jpg 1536w, https:\/\/kanther-syke.de\/wp-content\/uploads\/2021\/05\/faltschiebelaeden.jpg 1600w\" sizes=\"(max-width: 1024px) 100vw, 1024px\" \/>\t\t\t\t\t\t\t\t\t\t\t<figcaption class=\"widget-image-caption wp-caption-text\">Faltschiebel\u00e4den<\/figcaption>\n\t\t\t\t\t\t\t\t\t\t<\/figure>\n\t\t\t\t\t\t\t\t\t<\/div>\n\t\t\t\t<\/div>\n\t\t\t\t\t<\/div>\n\t\t<\/div>\n\t\t\t\t<div class=\"elementor-column elementor-col-50 elementor-top-column elementor-element elementor-element-d1f6282\" data-id=\"d1f6282\" data-element_type=\"column\" data-e-type=\"column\">\n\t\t\t<div class=\"elementor-widget-wrap elementor-element-populated\">\n\t\t\t\t\t\t<div class=\"elementor-element elementor-element-0cab859 elementor-widget elementor-widget-image\" data-id=\"0cab859\" data-element_type=\"widget\" data-e-type=\"widget\" data-widget_type=\"image.default\">\n\t\t\t\t<div class=\"elementor-widget-container\">\n\t\t\t\t\t\t\t\t\t\t\t\t<figure class=\"wp-caption\">\n\t\t\t\t\t\t\t\t\t\t<img loading=\"lazy\" decoding=\"async\" width=\"1024\" height=\"768\" src=\"https:\/\/kanther-syke.de\/wp-content\/uploads\/2021\/05\/faltlaeden-1024x768.jpg\" class=\"attachment-large size-large wp-image-2666\" alt=\"\" srcset=\"https:\/\/kanther-syke.de\/wp-content\/uploads\/2021\/05\/faltlaeden-1024x768.jpg 1024w, https:\/\/kanther-syke.de\/wp-content\/uploads\/2021\/05\/faltlaeden-300x225.jpg 300w, https:\/\/kanther-syke.de\/wp-content\/uploads\/2021\/05\/faltlaeden-768x576.jpg 768w, https:\/\/kanther-syke.de\/wp-content\/uploads\/2021\/05\/faltlaeden-1536x1152.jpg 1536w, https:\/\/kanther-syke.de\/wp-content\/uploads\/2021\/05\/faltlaeden.jpg 1600w\" sizes=\"(max-width: 1024px) 100vw, 1024px\" \/>\t\t\t\t\t\t\t\t\t\t\t<figcaption class=\"widget-image-caption wp-caption-text\">Faltl\u00e4den<\/figcaption>\n\t\t\t\t\t\t\t\t\t\t<\/figure>\n\t\t\t\t\t\t\t\t\t<\/div>\n\t\t\t\t<\/div>\n\t\t\t\t\t<\/div>\n\t\t<\/div>\n\t\t\t\t\t<\/div>\n\t\t<\/section>\n\t\t\t\t<section class=\"elementor-section elementor-top-section elementor-element elementor-element-4079d92 elementor-section-boxed elementor-section-height-default elementor-section-height-default\" data-id=\"4079d92\" data-element_type=\"section\" data-e-type=\"section\">\n\t\t\t\t\t\t<div class=\"elementor-container elementor-column-gap-default\">\n\t\t\t\t\t<div class=\"elementor-column elementor-col-100 elementor-top-column elementor-element elementor-element-9d78113\" data-id=\"9d78113\" data-element_type=\"column\" data-e-type=\"column\">\n\t\t\t<div class=\"elementor-widget-wrap elementor-element-populated\">\n\t\t\t\t\t\t<div class=\"elementor-element elementor-element-60e79b7 elementor-widget elementor-widget-spacer\" data-id=\"60e79b7\" data-element_type=\"widget\" data-e-type=\"widget\" data-widget_type=\"spacer.default\">\n\t\t\t\t<div class=\"elementor-widget-container\">\n\t\t\t\t\t\t\t<div class=\"elementor-spacer\">\n\t\t\t<div class=\"elementor-spacer-inner\"><\/div>\n\t\t<\/div>\n\t\t\t\t\t\t<\/div>\n\t\t\t\t<\/div>\n\t\t\t\t\t<\/div>\n\t\t<\/div>\n\t\t\t\t\t<\/div>\n\t\t<\/section>\n\t\t\t\t<section class=\"elementor-section elementor-top-section elementor-element elementor-element-77331b1 elementor-section-boxed elementor-section-height-default elementor-section-height-default\" data-id=\"77331b1\" data-element_type=\"section\" data-e-type=\"section\">\n\t\t\t\t\t\t<div class=\"elementor-container elementor-column-gap-default\">\n\t\t\t\t\t<div class=\"elementor-column elementor-col-100 elementor-top-column elementor-element elementor-element-6837dcf\" data-id=\"6837dcf\" data-element_type=\"column\" data-e-type=\"column\">\n\t\t\t<div class=\"elementor-widget-wrap elementor-element-populated\">\n\t\t\t\t\t\t<div class=\"elementor-element elementor-element-c47297b elementor-widget-divider--view-line elementor-widget elementor-widget-divider\" data-id=\"c47297b\" data-element_type=\"widget\" data-e-type=\"widget\" data-widget_type=\"divider.default\">\n\t\t\t\t<div class=\"elementor-widget-container\">\n\t\t\t\t\t\t\t<div class=\"elementor-divider\">\n\t\t\t<span class=\"elementor-divider-separator\">\n\t\t\t\t\t\t<\/span>\n\t\t<\/div>\n\t\t\t\t\t\t<\/div>\n\t\t\t\t<\/div>\n\t\t\t\t\t<\/div>\n\t\t<\/div>\n\t\t\t\t\t<\/div>\n\t\t<\/section>\n\t\t\t\t<\/div>\n\t\t","protected":false},"excerpt":{"rendered":"<p>Fensterl\u00e4den Vielf\u00e4ltigkeit in Rahmen und F\u00fcllungen EHRET produziert nach Ihren W\u00fcnschen Sonnen- und Wetterschutz aus Aluminium. Zur Auswahl stehen \u00fcber 400 Modelle.\u00a0S\u00e4mtliche Klapp-, Schiebe-, und Faltschiebel\u00e4den bestehen aus einem Rahmenprofil in dem die F\u00fcllelemente fixiert sind. Je nach Kombination dieser beiden Elemente bekommt das Produkt eine andere Optik Klappl\u00e4den Klassisch und funktional EHRET Klappl\u00e4den aus&hellip;&nbsp;<a href=\"https:\/\/kanther-syke.de\/?page_id=2628\" rel=\"bookmark\">Mehr lesen &raquo;<span class=\"screen-reader-text\">Fensterl\u00e4den<\/span><\/a><\/p>\n","protected":false},"author":1,"featured_media":0,"parent":367,"menu_order":0,"comment_status":"closed","ping_status":"closed","template":"page-templates\/template-pagebuilder-full-width.php","meta":{"neve_meta_sidebar":"full-width","neve_meta_container":"","neve_meta_enable_content_width":"on","neve_meta_content_width":100,"neve_meta_title_alignment":"","neve_meta_author_avatar":"","neve_post_elements_order":"","neve_meta_disable_header":"","neve_meta_disable_footer":"","neve_meta_disable_title":"on","neve_meta_reading_time":"","_themeisle_gutenberg_block_has_review":false,"footnotes":""},"class_list":["post-2628","page","type-page","status-publish","hentry"],"_links":{"self":[{"href":"https:\/\/kanther-syke.de\/index.php?rest_route=\/wp\/v2\/pages\/2628","targetHints":{"allow":["GET"]}}],"collection":[{"href":"https:\/\/kanther-syke.de\/index.php?rest_route=\/wp\/v2\/pages"}],"about":[{"href":"https:\/\/kanther-syke.de\/index.php?rest_route=\/wp\/v2\/types\/page"}],"author":[{"embeddable":true,"href":"https:\/\/kanther-syke.de\/index.php?rest_route=\/wp\/v2\/users\/1"}],"replies":[{"embeddable":true,"href":"https:\/\/kanther-syke.de\/index.php?rest_route=%2Fwp%2Fv2%2Fcomments&post=2628"}],"version-history":[{"count":80,"href":"https:\/\/kanther-syke.de\/index.php?rest_route=\/wp\/v2\/pages\/2628\/revisions"}],"predecessor-version":[{"id":2733,"href":"https:\/\/kanther-syke.de\/index.php?rest_route=\/wp\/v2\/pages\/2628\/revisions\/2733"}],"up":[{"embeddable":true,"href":"https:\/\/kanther-syke.de\/index.php?rest_route=\/wp\/v2\/pages\/367"}],"wp:attachment":[{"href":"https:\/\/kanther-syke.de\/index.php?rest_route=%2Fwp%2Fv2%2Fmedia&parent=2628"}],"curies":[{"name":"wp","href":"https:\/\/api.w.org\/{rel}","templated":true}]}}