{"id":2087,"date":"2019-08-21T15:08:40","date_gmt":"2019-08-21T13:08:40","guid":{"rendered":"http:\/\/wp.kanther-syke.de\/?page_id=2087"},"modified":"2025-09-26T10:57:46","modified_gmt":"2025-09-26T08:57:46","slug":"insektenschutz-fuer-tueren","status":"publish","type":"page","link":"https:\/\/kanther-syke.de\/?page_id=2087","title":{"rendered":"Insektenschutz f\u00fcr T\u00fcren"},"content":{"rendered":"\t\t<div data-elementor-type=\"wp-post\" data-elementor-id=\"2087\" class=\"elementor elementor-2087\">\n\t\t\t\t\t\t<section class=\"elementor-section elementor-top-section elementor-element elementor-element-093469d elementor-section-boxed elementor-section-height-default elementor-section-height-default\" data-id=\"093469d\" data-element_type=\"section\" data-e-type=\"section\">\n\t\t\t\t\t\t<div class=\"elementor-container elementor-column-gap-default\">\n\t\t\t\t\t<div class=\"elementor-column elementor-col-100 elementor-top-column elementor-element elementor-element-b36642e\" data-id=\"b36642e\" data-element_type=\"column\" data-e-type=\"column\">\n\t\t\t<div class=\"elementor-widget-wrap elementor-element-populated\">\n\t\t\t\t\t\t<div class=\"elementor-element elementor-element-10a4cd2 elementor-widget elementor-widget-text-editor\" data-id=\"10a4cd2\" data-element_type=\"widget\" data-e-type=\"widget\" data-widget_type=\"text-editor.default\">\n\t\t\t\t<div class=\"elementor-widget-container\">\n\t\t\t\t\t\t\t\t\t<h2>Insektenschutz f\u00fcr T\u00fcren<\/h2>\n<hr \/>\n<h2>\u00a0<\/h2>\t\t\t\t\t\t\t\t<\/div>\n\t\t\t\t<\/div>\n\t\t\t\t\t<\/div>\n\t\t<\/div>\n\t\t\t\t\t<\/div>\n\t\t<\/section>\n\t\t\t\t<section class=\"elementor-section elementor-top-section elementor-element elementor-element-81d77ea elementor-section-boxed elementor-section-height-default elementor-section-height-default\" data-id=\"81d77ea\" data-element_type=\"section\" data-e-type=\"section\">\n\t\t\t\t\t\t<div class=\"elementor-container elementor-column-gap-default\">\n\t\t\t\t\t<div class=\"elementor-column elementor-col-33 elementor-top-column elementor-element elementor-element-d2567e0\" data-id=\"d2567e0\" data-element_type=\"column\" data-e-type=\"column\">\n\t\t\t<div class=\"elementor-widget-wrap elementor-element-populated\">\n\t\t\t\t\t\t<div class=\"elementor-element elementor-element-6a7ce23 elementor-widget elementor-widget-text-editor\" data-id=\"6a7ce23\" data-element_type=\"widget\" data-e-type=\"widget\" data-widget_type=\"text-editor.default\">\n\t\t\t\t<div class=\"elementor-widget-container\">\n\t\t\t\t\t\t\t\t\t<h3>Dreht\u00fcr <span class=\"sub\">Insektenschutz als klassische T\u00fcr<\/span><\/h3><hr \/><div class=\"text\">Eine Falzt\u00fcr unterscheidet sich zu anderen T\u00fcren durch das stufenf\u00f6rmige Profil. Sie liegt direkt in dem Falz des Blendrahmens und hat dadurch eine sehr geringe Einbautiefe. Dadurch verschwindet die T\u00fcr nahezu und kann an Orten mit einer sehr geringen Bautiefe eingesetzt werden. Die Insektenschutz-Dreht\u00fcr \u00fcberzeugt mit ihrer geringen Einbautiefe, wodurch sie problemlos zwischen Blendenrahmen und Rollladen montiert werden kann.<\/div>\t\t\t\t\t\t\t\t<\/div>\n\t\t\t\t<\/div>\n\t\t\t\t\t<\/div>\n\t\t<\/div>\n\t\t\t\t<div class=\"elementor-column elementor-col-33 elementor-top-column elementor-element elementor-element-acd5aff\" data-id=\"acd5aff\" data-element_type=\"column\" data-e-type=\"column\">\n\t\t\t<div class=\"elementor-widget-wrap elementor-element-populated\">\n\t\t\t\t\t\t<div class=\"elementor-element elementor-element-5b14f46 elementor-widget elementor-widget-image\" data-id=\"5b14f46\" data-element_type=\"widget\" data-e-type=\"widget\" data-widget_type=\"image.default\">\n\t\t\t\t<div class=\"elementor-widget-container\">\n\t\t\t\t\t\t\t\t\t\t\t\t\t\t\t<img fetchpriority=\"high\" decoding=\"async\" width=\"1024\" height=\"768\" src=\"https:\/\/kanther-syke.de\/wp-content\/uploads\/2019\/08\/csm_IMG_9505_d944dbf7a0-1024x768.jpg\" class=\"attachment-large size-large wp-image-2062\" alt=\"\" srcset=\"https:\/\/kanther-syke.de\/wp-content\/uploads\/2019\/08\/csm_IMG_9505_d944dbf7a0-1024x768.jpg 1024w, https:\/\/kanther-syke.de\/wp-content\/uploads\/2019\/08\/csm_IMG_9505_d944dbf7a0-300x225.jpg 300w, https:\/\/kanther-syke.de\/wp-content\/uploads\/2019\/08\/csm_IMG_9505_d944dbf7a0-768x576.jpg 768w, https:\/\/kanther-syke.de\/wp-content\/uploads\/2019\/08\/csm_IMG_9505_d944dbf7a0.jpg 1200w\" sizes=\"(max-width: 1024px) 100vw, 1024px\" \/>\t\t\t\t\t\t\t\t\t\t\t\t\t\t\t<\/div>\n\t\t\t\t<\/div>\n\t\t\t\t<div class=\"elementor-element elementor-element-aa77bee elementor-widget elementor-widget-image\" data-id=\"aa77bee\" data-element_type=\"widget\" data-e-type=\"widget\" data-widget_type=\"image.default\">\n\t\t\t\t<div class=\"elementor-widget-container\">\n\t\t\t\t\t\t\t\t\t\t\t\t\t\t\t<img decoding=\"async\" width=\"663\" height=\"1024\" src=\"https:\/\/kanther-syke.de\/wp-content\/uploads\/2019\/08\/csm_IMG_9213_90db093f52-663x1024.jpg\" class=\"attachment-large size-large wp-image-2061\" alt=\"\" srcset=\"https:\/\/kanther-syke.de\/wp-content\/uploads\/2019\/08\/csm_IMG_9213_90db093f52-663x1024.jpg 663w, https:\/\/kanther-syke.de\/wp-content\/uploads\/2019\/08\/csm_IMG_9213_90db093f52-194x300.jpg 194w, https:\/\/kanther-syke.de\/wp-content\/uploads\/2019\/08\/csm_IMG_9213_90db093f52-768x1186.jpg 768w, https:\/\/kanther-syke.de\/wp-content\/uploads\/2019\/08\/csm_IMG_9213_90db093f52.jpg 1200w\" sizes=\"(max-width: 663px) 100vw, 663px\" \/>\t\t\t\t\t\t\t\t\t\t\t\t\t\t\t<\/div>\n\t\t\t\t<\/div>\n\t\t\t\t\t<\/div>\n\t\t<\/div>\n\t\t\t\t<div class=\"elementor-column elementor-col-33 elementor-top-column elementor-element elementor-element-3f29887\" data-id=\"3f29887\" data-element_type=\"column\" data-e-type=\"column\">\n\t\t\t<div class=\"elementor-widget-wrap elementor-element-populated\">\n\t\t\t\t\t\t<div class=\"elementor-element elementor-element-9e1929e elementor-invisible elementor-widget elementor-widget-image\" data-id=\"9e1929e\" data-element_type=\"widget\" data-e-type=\"widget\" data-settings=\"{&quot;_animation&quot;:&quot;fadeInLeft&quot;}\" data-widget_type=\"image.default\">\n\t\t\t\t<div class=\"elementor-widget-container\">\n\t\t\t\t\t\t\t\t\t\t\t\t\t\t\t<img decoding=\"async\" width=\"739\" height=\"1024\" src=\"https:\/\/kanther-syke.de\/wp-content\/uploads\/2019\/08\/csm_IMG_9440_62ca132a2c-739x1024.jpg\" class=\"attachment-large size-large wp-image-2063\" alt=\"\" srcset=\"https:\/\/kanther-syke.de\/wp-content\/uploads\/2019\/08\/csm_IMG_9440_62ca132a2c-739x1024.jpg 739w, https:\/\/kanther-syke.de\/wp-content\/uploads\/2019\/08\/csm_IMG_9440_62ca132a2c-217x300.jpg 217w, https:\/\/kanther-syke.de\/wp-content\/uploads\/2019\/08\/csm_IMG_9440_62ca132a2c-768x1064.jpg 768w, https:\/\/kanther-syke.de\/wp-content\/uploads\/2019\/08\/csm_IMG_9440_62ca132a2c.jpg 1200w\" sizes=\"(max-width: 739px) 100vw, 739px\" \/>\t\t\t\t\t\t\t\t\t\t\t\t\t\t\t<\/div>\n\t\t\t\t<\/div>\n\t\t\t\t\t<\/div>\n\t\t<\/div>\n\t\t\t\t\t<\/div>\n\t\t<\/section>\n\t\t\t\t<section class=\"elementor-section elementor-top-section elementor-element elementor-element-ea31ec4 elementor-section-boxed elementor-section-height-default elementor-section-height-default\" data-id=\"ea31ec4\" data-element_type=\"section\" data-e-type=\"section\">\n\t\t\t\t\t\t<div class=\"elementor-container elementor-column-gap-default\">\n\t\t\t\t\t<div class=\"elementor-column elementor-col-100 elementor-top-column elementor-element elementor-element-9142e39\" data-id=\"9142e39\" data-element_type=\"column\" data-e-type=\"column\">\n\t\t\t<div class=\"elementor-widget-wrap elementor-element-populated\">\n\t\t\t\t\t\t<div class=\"elementor-element elementor-element-a8d8818 elementor-widget elementor-widget-spacer\" data-id=\"a8d8818\" data-element_type=\"widget\" data-e-type=\"widget\" data-widget_type=\"spacer.default\">\n\t\t\t\t<div class=\"elementor-widget-container\">\n\t\t\t\t\t\t\t<div class=\"elementor-spacer\">\n\t\t\t<div class=\"elementor-spacer-inner\"><\/div>\n\t\t<\/div>\n\t\t\t\t\t\t<\/div>\n\t\t\t\t<\/div>\n\t\t\t\t\t<\/div>\n\t\t<\/div>\n\t\t\t\t\t<\/div>\n\t\t<\/section>\n\t\t\t\t<section class=\"elementor-section elementor-top-section elementor-element elementor-element-0f8b756 elementor-section-boxed elementor-section-height-default elementor-section-height-default\" data-id=\"0f8b756\" data-element_type=\"section\" data-e-type=\"section\">\n\t\t\t\t\t\t<div class=\"elementor-container elementor-column-gap-default\">\n\t\t\t\t\t<div class=\"elementor-column elementor-col-33 elementor-top-column elementor-element elementor-element-ae0366b\" data-id=\"ae0366b\" data-element_type=\"column\" data-e-type=\"column\">\n\t\t\t<div class=\"elementor-widget-wrap elementor-element-populated\">\n\t\t\t\t\t\t<div class=\"elementor-element elementor-element-9706eba elementor-invisible elementor-widget elementor-widget-image\" data-id=\"9706eba\" data-element_type=\"widget\" data-e-type=\"widget\" data-settings=\"{&quot;_animation&quot;:&quot;fadeInRight&quot;}\" data-widget_type=\"image.default\">\n\t\t\t\t<div class=\"elementor-widget-container\">\n\t\t\t\t\t\t\t\t\t\t\t\t\t\t\t<img loading=\"lazy\" decoding=\"async\" width=\"747\" height=\"1024\" src=\"https:\/\/kanther-syke.de\/wp-content\/uploads\/2019\/08\/groja_is_schiebetu__r__3_-747x1024.jpg\" class=\"attachment-large size-large wp-image-2069\" alt=\"\" srcset=\"https:\/\/kanther-syke.de\/wp-content\/uploads\/2019\/08\/groja_is_schiebetu__r__3_-747x1024.jpg 747w, https:\/\/kanther-syke.de\/wp-content\/uploads\/2019\/08\/groja_is_schiebetu__r__3_-219x300.jpg 219w, https:\/\/kanther-syke.de\/wp-content\/uploads\/2019\/08\/groja_is_schiebetu__r__3_-768x1053.jpg 768w\" sizes=\"(max-width: 747px) 100vw, 747px\" \/>\t\t\t\t\t\t\t\t\t\t\t\t\t\t\t<\/div>\n\t\t\t\t<\/div>\n\t\t\t\t\t<\/div>\n\t\t<\/div>\n\t\t\t\t<div class=\"elementor-column elementor-col-33 elementor-top-column elementor-element elementor-element-cb885e8\" data-id=\"cb885e8\" data-element_type=\"column\" data-e-type=\"column\">\n\t\t\t<div class=\"elementor-widget-wrap elementor-element-populated\">\n\t\t\t\t\t\t<div class=\"elementor-element elementor-element-3165454 elementor-widget elementor-widget-image\" data-id=\"3165454\" data-element_type=\"widget\" data-e-type=\"widget\" data-widget_type=\"image.default\">\n\t\t\t\t<div class=\"elementor-widget-container\">\n\t\t\t\t\t\t\t\t\t\t\t\t\t\t\t<img loading=\"lazy\" decoding=\"async\" width=\"1024\" height=\"768\" src=\"https:\/\/kanther-syke.de\/wp-content\/uploads\/2019\/08\/csm_IMG_9636_d96c89bea7-1024x768.jpg\" class=\"attachment-large size-large wp-image-2068\" alt=\"\" srcset=\"https:\/\/kanther-syke.de\/wp-content\/uploads\/2019\/08\/csm_IMG_9636_d96c89bea7-1024x768.jpg 1024w, https:\/\/kanther-syke.de\/wp-content\/uploads\/2019\/08\/csm_IMG_9636_d96c89bea7-300x225.jpg 300w, https:\/\/kanther-syke.de\/wp-content\/uploads\/2019\/08\/csm_IMG_9636_d96c89bea7-768x576.jpg 768w, https:\/\/kanther-syke.de\/wp-content\/uploads\/2019\/08\/csm_IMG_9636_d96c89bea7.jpg 1200w\" sizes=\"(max-width: 1024px) 100vw, 1024px\" \/>\t\t\t\t\t\t\t\t\t\t\t\t\t\t\t<\/div>\n\t\t\t\t<\/div>\n\t\t\t\t<div class=\"elementor-element elementor-element-a6fff7b elementor-widget elementor-widget-image\" data-id=\"a6fff7b\" data-element_type=\"widget\" data-e-type=\"widget\" data-widget_type=\"image.default\">\n\t\t\t\t<div class=\"elementor-widget-container\">\n\t\t\t\t\t\t\t\t\t\t\t\t\t\t\t<img loading=\"lazy\" decoding=\"async\" width=\"768\" height=\"1024\" src=\"https:\/\/kanther-syke.de\/wp-content\/uploads\/2019\/08\/groja_is_schiebetuer__2_-768x1024.jpg\" class=\"attachment-large size-large wp-image-2070\" alt=\"\" srcset=\"https:\/\/kanther-syke.de\/wp-content\/uploads\/2019\/08\/groja_is_schiebetuer__2_-768x1024.jpg 768w, https:\/\/kanther-syke.de\/wp-content\/uploads\/2019\/08\/groja_is_schiebetuer__2_-225x300.jpg 225w\" sizes=\"(max-width: 768px) 100vw, 768px\" \/>\t\t\t\t\t\t\t\t\t\t\t\t\t\t\t<\/div>\n\t\t\t\t<\/div>\n\t\t\t\t\t<\/div>\n\t\t<\/div>\n\t\t\t\t<div class=\"elementor-column elementor-col-33 elementor-top-column elementor-element elementor-element-621427e\" data-id=\"621427e\" data-element_type=\"column\" data-e-type=\"column\">\n\t\t\t<div class=\"elementor-widget-wrap elementor-element-populated\">\n\t\t\t\t\t\t<div class=\"elementor-element elementor-element-d129147 elementor-widget elementor-widget-text-editor\" data-id=\"d129147\" data-element_type=\"widget\" data-e-type=\"widget\" data-widget_type=\"text-editor.default\">\n\t\t\t\t<div class=\"elementor-widget-container\">\n\t\t\t\t\t\t\t\t\t<h3>Schiebet\u00fcren <span class=\"sub\">f\u00fcr jede Einbausituation<\/span><\/h3><hr \/><div class=\"text\">Platzsparende Insektenschutzl\u00f6sung f\u00fcr jede Einbausituation, bei der nicht genug Schwenkbereich f\u00fcr eine Dreht\u00fcr gegeben ist. Je nach T\u00fcrtyp, Einbausituation und Anwendung bieten wir immer die passende L\u00f6sung. <\/div>\t\t\t\t\t\t\t\t<\/div>\n\t\t\t\t<\/div>\n\t\t\t\t\t<\/div>\n\t\t<\/div>\n\t\t\t\t\t<\/div>\n\t\t<\/section>\n\t\t\t\t<section class=\"elementor-section elementor-top-section elementor-element elementor-element-6eb7f00 elementor-section-boxed elementor-section-height-default elementor-section-height-default\" data-id=\"6eb7f00\" data-element_type=\"section\" data-e-type=\"section\">\n\t\t\t\t\t\t<div class=\"elementor-container elementor-column-gap-default\">\n\t\t\t\t\t<div class=\"elementor-column elementor-col-100 elementor-top-column elementor-element elementor-element-d135cdf\" data-id=\"d135cdf\" data-element_type=\"column\" data-e-type=\"column\">\n\t\t\t<div class=\"elementor-widget-wrap elementor-element-populated\">\n\t\t\t\t\t\t<div class=\"elementor-element elementor-element-9aa232b elementor-widget elementor-widget-spacer\" data-id=\"9aa232b\" data-element_type=\"widget\" data-e-type=\"widget\" data-widget_type=\"spacer.default\">\n\t\t\t\t<div class=\"elementor-widget-container\">\n\t\t\t\t\t\t\t<div class=\"elementor-spacer\">\n\t\t\t<div class=\"elementor-spacer-inner\"><\/div>\n\t\t<\/div>\n\t\t\t\t\t\t<\/div>\n\t\t\t\t<\/div>\n\t\t\t\t\t<\/div>\n\t\t<\/div>\n\t\t\t\t\t<\/div>\n\t\t<\/section>\n\t\t\t\t<section class=\"elementor-section elementor-top-section elementor-element elementor-element-7ed2736 elementor-section-boxed elementor-section-height-default elementor-section-height-default\" data-id=\"7ed2736\" data-element_type=\"section\" data-e-type=\"section\">\n\t\t\t\t\t\t<div class=\"elementor-container elementor-column-gap-default\">\n\t\t\t\t\t<div class=\"elementor-column elementor-col-33 elementor-top-column elementor-element elementor-element-4d3aa6f\" data-id=\"4d3aa6f\" data-element_type=\"column\" data-e-type=\"column\">\n\t\t\t<div class=\"elementor-widget-wrap elementor-element-populated\">\n\t\t\t\t\t\t<div class=\"elementor-element elementor-element-961fb5a elementor-widget elementor-widget-text-editor\" data-id=\"961fb5a\" data-element_type=\"widget\" data-e-type=\"widget\" data-widget_type=\"text-editor.default\">\n\t\t\t\t<div class=\"elementor-widget-container\">\n\t\t\t\t\t\t\t\t\t<h3>Plisseesysteme <span class=\"sub\">als Schattenspender<\/span><\/h3><hr \/><div class=\"text\">Die Insektenschutz-Plissee-T\u00fcr ist eine platzsparende und kinderleicht bedienbare L\u00f6sung. Das Insektenschutz-Plissee ist sehr witterungsbest\u00e4ndig und langlebig und ein optischer Hingucker. Weiterhin ist die T\u00fcr schwellenfrei und selbst f\u00fcr Kinder leicht zu bedienen.<\/div>\t\t\t\t\t\t\t\t<\/div>\n\t\t\t\t<\/div>\n\t\t\t\t\t<\/div>\n\t\t<\/div>\n\t\t\t\t<div class=\"elementor-column elementor-col-33 elementor-top-column elementor-element elementor-element-be9d2d0\" data-id=\"be9d2d0\" data-element_type=\"column\" data-e-type=\"column\">\n\t\t\t<div class=\"elementor-widget-wrap elementor-element-populated\">\n\t\t\t\t\t\t<div class=\"elementor-element elementor-element-d6c60df elementor-widget elementor-widget-image\" data-id=\"d6c60df\" data-element_type=\"widget\" data-e-type=\"widget\" data-widget_type=\"image.default\">\n\t\t\t\t<div class=\"elementor-widget-container\">\n\t\t\t\t\t\t\t\t\t\t\t\t\t\t\t<img loading=\"lazy\" decoding=\"async\" width=\"740\" height=\"1024\" src=\"https:\/\/kanther-syke.de\/wp-content\/uploads\/2019\/08\/IMG_7622-740x1024.jpg\" class=\"attachment-large size-large wp-image-2073\" alt=\"\" srcset=\"https:\/\/kanther-syke.de\/wp-content\/uploads\/2019\/08\/IMG_7622-740x1024.jpg 740w, https:\/\/kanther-syke.de\/wp-content\/uploads\/2019\/08\/IMG_7622-217x300.jpg 217w, https:\/\/kanther-syke.de\/wp-content\/uploads\/2019\/08\/IMG_7622-768x1063.jpg 768w\" sizes=\"(max-width: 740px) 100vw, 740px\" \/>\t\t\t\t\t\t\t\t\t\t\t\t\t\t\t<\/div>\n\t\t\t\t<\/div>\n\t\t\t\t<div class=\"elementor-element elementor-element-a1bf85c elementor-widget elementor-widget-image\" data-id=\"a1bf85c\" data-element_type=\"widget\" data-e-type=\"widget\" data-widget_type=\"image.default\">\n\t\t\t\t<div class=\"elementor-widget-container\">\n\t\t\t\t\t\t\t\t\t\t\t\t\t\t\t<img loading=\"lazy\" decoding=\"async\" width=\"1024\" height=\"1024\" src=\"https:\/\/kanther-syke.de\/wp-content\/uploads\/2019\/08\/csm_GroJa_-_Insektenschutz_Plissee_Tuer_5708c2063b-1024x1024.png\" class=\"attachment-large size-large wp-image-2072\" alt=\"\" srcset=\"https:\/\/kanther-syke.de\/wp-content\/uploads\/2019\/08\/csm_GroJa_-_Insektenschutz_Plissee_Tuer_5708c2063b-1024x1024.png 1024w, https:\/\/kanther-syke.de\/wp-content\/uploads\/2019\/08\/csm_GroJa_-_Insektenschutz_Plissee_Tuer_5708c2063b-150x150.png 150w, https:\/\/kanther-syke.de\/wp-content\/uploads\/2019\/08\/csm_GroJa_-_Insektenschutz_Plissee_Tuer_5708c2063b-300x300.png 300w, https:\/\/kanther-syke.de\/wp-content\/uploads\/2019\/08\/csm_GroJa_-_Insektenschutz_Plissee_Tuer_5708c2063b-768x768.png 768w, https:\/\/kanther-syke.de\/wp-content\/uploads\/2019\/08\/csm_GroJa_-_Insektenschutz_Plissee_Tuer_5708c2063b.png 1200w\" sizes=\"(max-width: 1024px) 100vw, 1024px\" \/>\t\t\t\t\t\t\t\t\t\t\t\t\t\t\t<\/div>\n\t\t\t\t<\/div>\n\t\t\t\t\t<\/div>\n\t\t<\/div>\n\t\t\t\t<div class=\"elementor-column elementor-col-33 elementor-top-column elementor-element elementor-element-92eb17a\" data-id=\"92eb17a\" data-element_type=\"column\" data-e-type=\"column\">\n\t\t\t<div class=\"elementor-widget-wrap elementor-element-populated\">\n\t\t\t\t\t\t<div class=\"elementor-element elementor-element-d29594d elementor-invisible elementor-widget elementor-widget-image\" data-id=\"d29594d\" data-element_type=\"widget\" data-e-type=\"widget\" data-settings=\"{&quot;_animation&quot;:&quot;fadeInLeft&quot;}\" data-widget_type=\"image.default\">\n\t\t\t\t<div class=\"elementor-widget-container\">\n\t\t\t\t\t\t\t\t\t\t\t\t\t\t\t<img loading=\"lazy\" decoding=\"async\" width=\"849\" height=\"1024\" src=\"https:\/\/kanther-syke.de\/wp-content\/uploads\/2019\/08\/groja_is_plissee_tu__r_01-849x1024.jpg\" class=\"attachment-large size-large wp-image-2074\" alt=\"\" srcset=\"https:\/\/kanther-syke.de\/wp-content\/uploads\/2019\/08\/groja_is_plissee_tu__r_01-849x1024.jpg 849w, https:\/\/kanther-syke.de\/wp-content\/uploads\/2019\/08\/groja_is_plissee_tu__r_01-249x300.jpg 249w, https:\/\/kanther-syke.de\/wp-content\/uploads\/2019\/08\/groja_is_plissee_tu__r_01-768x926.jpg 768w\" sizes=\"(max-width: 849px) 100vw, 849px\" \/>\t\t\t\t\t\t\t\t\t\t\t\t\t\t\t<\/div>\n\t\t\t\t<\/div>\n\t\t\t\t\t<\/div>\n\t\t<\/div>\n\t\t\t\t\t<\/div>\n\t\t<\/section>\n\t\t\t\t<section class=\"elementor-section elementor-top-section elementor-element elementor-element-289b6b4 elementor-section-boxed elementor-section-height-default elementor-section-height-default\" data-id=\"289b6b4\" data-element_type=\"section\" data-e-type=\"section\">\n\t\t\t\t\t\t<div class=\"elementor-container elementor-column-gap-default\">\n\t\t\t\t\t<div class=\"elementor-column elementor-col-100 elementor-top-column elementor-element elementor-element-c98f80a\" data-id=\"c98f80a\" data-element_type=\"column\" data-e-type=\"column\">\n\t\t\t<div class=\"elementor-widget-wrap elementor-element-populated\">\n\t\t\t\t\t\t<div class=\"elementor-element elementor-element-331610d elementor-widget elementor-widget-spacer\" data-id=\"331610d\" data-element_type=\"widget\" data-e-type=\"widget\" data-widget_type=\"spacer.default\">\n\t\t\t\t<div class=\"elementor-widget-container\">\n\t\t\t\t\t\t\t<div class=\"elementor-spacer\">\n\t\t\t<div class=\"elementor-spacer-inner\"><\/div>\n\t\t<\/div>\n\t\t\t\t\t\t<\/div>\n\t\t\t\t<\/div>\n\t\t\t\t\t<\/div>\n\t\t<\/div>\n\t\t\t\t\t<\/div>\n\t\t<\/section>\n\t\t\t\t<\/div>\n\t\t","protected":false},"excerpt":{"rendered":"<p>Insektenschutz f\u00fcr T\u00fcren \u00a0 Dreht\u00fcr Insektenschutz als klassische T\u00fcr Eine Falzt\u00fcr unterscheidet sich zu anderen T\u00fcren durch das stufenf\u00f6rmige Profil. Sie liegt direkt in dem Falz des Blendrahmens und hat dadurch eine sehr geringe Einbautiefe. Dadurch verschwindet die T\u00fcr nahezu und kann an Orten mit einer sehr geringen Bautiefe eingesetzt werden. Die Insektenschutz-Dreht\u00fcr \u00fcberzeugt mit&hellip;&nbsp;<a href=\"https:\/\/kanther-syke.de\/?page_id=2087\" rel=\"bookmark\">Mehr lesen &raquo;<span class=\"screen-reader-text\">Insektenschutz f\u00fcr T\u00fcren<\/span><\/a><\/p>\n","protected":false},"author":1,"featured_media":0,"parent":661,"menu_order":0,"comment_status":"closed","ping_status":"closed","template":"","meta":{"neve_meta_sidebar":"","neve_meta_container":"","neve_meta_enable_content_width":"","neve_meta_content_width":70,"neve_meta_title_alignment":"","neve_meta_author_avatar":"","neve_post_elements_order":"","neve_meta_disable_header":"","neve_meta_disable_footer":"","neve_meta_disable_title":"on","neve_meta_reading_time":"","_themeisle_gutenberg_block_has_review":false,"footnotes":""},"class_list":["post-2087","page","type-page","status-publish","hentry"],"_links":{"self":[{"href":"https:\/\/kanther-syke.de\/index.php?rest_route=\/wp\/v2\/pages\/2087","targetHints":{"allow":["GET"]}}],"collection":[{"href":"https:\/\/kanther-syke.de\/index.php?rest_route=\/wp\/v2\/pages"}],"about":[{"href":"https:\/\/kanther-syke.de\/index.php?rest_route=\/wp\/v2\/types\/page"}],"author":[{"embeddable":true,"href":"https:\/\/kanther-syke.de\/index.php?rest_route=\/wp\/v2\/users\/1"}],"replies":[{"embeddable":true,"href":"https:\/\/kanther-syke.de\/index.php?rest_route=%2Fwp%2Fv2%2Fcomments&post=2087"}],"version-history":[{"count":24,"href":"https:\/\/kanther-syke.de\/index.php?rest_route=\/wp\/v2\/pages\/2087\/revisions"}],"predecessor-version":[{"id":3557,"href":"https:\/\/kanther-syke.de\/index.php?rest_route=\/wp\/v2\/pages\/2087\/revisions\/3557"}],"up":[{"embeddable":true,"href":"https:\/\/kanther-syke.de\/index.php?rest_route=\/wp\/v2\/pages\/661"}],"wp:attachment":[{"href":"https:\/\/kanther-syke.de\/index.php?rest_route=%2Fwp%2Fv2%2Fmedia&parent=2087"}],"curies":[{"name":"wp","href":"https:\/\/api.w.org\/{rel}","templated":true}]}}